{"id":624,"date":"2025-07-18T12:01:33","date_gmt":"2025-07-18T12:01:33","guid":{"rendered":"https:\/\/agriturismoraisc.ch\/wer-arbeitet-mit\/"},"modified":"2026-03-10T17:04:47","modified_gmt":"2026-03-10T17:04:47","slug":"wer-arbeitet-mit","status":"publish","type":"page","link":"https:\/\/agriturismoraisc.ch\/de\/wer-arbeitet-mit\/","title":{"rendered":"Wer arbeitet mit?"},"content":{"rendered":"\t\t<div data-elementor-type=\"wp-page\" data-elementor-id=\"624\" class=\"elementor elementor-624 elementor-67\" data-elementor-post-type=\"page\">\n\t\t\t\t<div class=\"elementor-element elementor-element-5dd367d e-flex e-con-boxed e-con e-parent\" data-id=\"5dd367d\" data-element_type=\"container\" data-e-type=\"container\" data-settings=\"{&quot;background_background&quot;:&quot;classic&quot;}\">\n\t\t\t\t\t<div class=\"e-con-inner\">\n\t\t\t\t\t<\/div>\n\t\t\t\t<\/div>\n\t\t<div class=\"elementor-element elementor-element-2ba8f40 e-flex e-con-boxed e-con e-parent\" data-id=\"2ba8f40\" data-element_type=\"container\" data-e-type=\"container\" data-settings=\"{&quot;background_background&quot;:&quot;classic&quot;}\">\n\t\t\t\t\t<div class=\"e-con-inner\">\n\t\t\t\t<div class=\"elementor-element elementor-element-bd803a0 elementor-widget elementor-widget-heading\" data-id=\"bd803a0\" data-element_type=\"widget\" data-e-type=\"widget\" data-widget_type=\"heading.default\">\n\t\t\t\t\t<h2 class=\"elementor-heading-title elementor-size-default\">Wer arbeitet im Agrotourismus und in der Landwirtschaft mit?<\/h2>\t\t\t\t<\/div>\n\t\t\t\t\t<\/div>\n\t\t\t\t<\/div>\n\t\t<div class=\"elementor-element elementor-element-6291c67 e-flex e-con-boxed e-con e-parent\" data-id=\"6291c67\" data-element_type=\"container\" data-e-type=\"container\">\n\t\t\t\t\t<div class=\"e-con-inner\">\n\t\t<div class=\"elementor-element elementor-element-187d09d e-con-full e-flex e-con e-child\" data-id=\"187d09d\" data-element_type=\"container\" data-e-type=\"container\">\n\t\t\t\t<div class=\"elementor-element elementor-element-4cc9317 elementor-widget elementor-widget-image\" data-id=\"4cc9317\" data-element_type=\"widget\" data-e-type=\"widget\" data-widget_type=\"image.default\">\n\t\t\t\t\t\t\t\t\t\t\t\t\t\t\t<img fetchpriority=\"high\" decoding=\"async\" width=\"800\" height=\"575\" src=\"https:\/\/agriturismoraisc.ch\/wp-content\/uploads\/2025\/09\/aureliares.jpg\" class=\"attachment-large size-large wp-image-630\" alt=\"\" srcset=\"https:\/\/agriturismoraisc.ch\/wp-content\/uploads\/2025\/09\/aureliares.jpg 800w, https:\/\/agriturismoraisc.ch\/wp-content\/uploads\/2025\/09\/aureliares-300x216.jpg 300w, https:\/\/agriturismoraisc.ch\/wp-content\/uploads\/2025\/09\/aureliares-768x552.jpg 768w\" sizes=\"(max-width: 800px) 100vw, 800px\" \/>\t\t\t\t\t\t\t\t\t\t\t\t\t\t\t<\/div>\n\t\t\t\t<\/div>\n\t\t<div class=\"elementor-element elementor-element-5af14e4 e-con-full e-flex e-con e-child\" data-id=\"5af14e4\" data-element_type=\"container\" data-e-type=\"container\">\n\t\t\t\t<div class=\"elementor-element elementor-element-b0534dc elementor-widget elementor-widget-heading\" data-id=\"b0534dc\" data-element_type=\"widget\" data-e-type=\"widget\" data-widget_type=\"heading.default\">\n\t\t\t\t\t<h2 class=\"elementor-heading-title elementor-size-default\">AURELIA<\/h2>\t\t\t\t<\/div>\n\t\t\t\t<div class=\"elementor-element elementor-element-22129a7 elementor-widget elementor-widget-text-editor\" data-id=\"22129a7\" data-element_type=\"widget\" data-e-type=\"widget\" data-widget_type=\"text-editor.default\">\n\t\t\t\t\t\t\t\t\t<p>Anfang 2017 \u00fcbernahm <span id=\"u3669-2\"><b>Aurelia<\/b><\/span> von ihren Eltern die Leitung des landwirtschaftlichen Betriebs und des Agrotourismus. Aurelia absolvierte zun\u00e4chst eine kaufm\u00e4nnische Lehre im Gastgewerbe und erwarb anschliessend ein zweites Diplom als B\u00e4uerin an der Landwirtschaftsschule Plantahof.<\/p><p>Nach Abschluss der Schule und einigen Jahren praktischer T\u00e4tigkeit im In- und Ausland entschied sie sich, die T\u00e4tigkeit ihrer Eltern fortzuf\u00fchren.<\/p><p>Sie lebt mit ihrem Partner Cleto zusammen und ist Mutter von Alina und Mia.<\/p>\t\t\t\t\t\t\t\t<\/div>\n\t\t\t\t<\/div>\n\t\t\t\t\t<\/div>\n\t\t\t\t<\/div>\n\t\t<div class=\"elementor-element elementor-element-c35cb1c e-flex e-con-boxed e-con e-parent\" data-id=\"c35cb1c\" data-element_type=\"container\" data-e-type=\"container\">\n\t\t\t\t\t<div class=\"e-con-inner\">\n\t\t<div class=\"elementor-element elementor-element-042a108 e-con-full e-flex e-con e-child\" data-id=\"042a108\" data-element_type=\"container\" data-e-type=\"container\">\n\t\t\t\t<div class=\"elementor-element elementor-element-f8c5fef elementor-widget elementor-widget-image\" data-id=\"f8c5fef\" data-element_type=\"widget\" data-e-type=\"widget\" data-widget_type=\"image.default\">\n\t\t\t\t\t\t\t\t\t\t\t\t\t\t\t<img decoding=\"async\" width=\"319\" height=\"260\" src=\"https:\/\/agriturismoraisc.ch\/wp-content\/uploads\/2025\/10\/cleto.jpg\" class=\"attachment-large size-large wp-image-631\" alt=\"\" srcset=\"https:\/\/agriturismoraisc.ch\/wp-content\/uploads\/2025\/10\/cleto.jpg 319w, https:\/\/agriturismoraisc.ch\/wp-content\/uploads\/2025\/10\/cleto-300x245.jpg 300w, https:\/\/agriturismoraisc.ch\/wp-content\/uploads\/2025\/10\/cleto-15x12.jpg 15w\" sizes=\"(max-width: 319px) 100vw, 319px\" \/>\t\t\t\t\t\t\t\t\t\t\t\t\t\t\t<\/div>\n\t\t\t\t<\/div>\n\t\t<div class=\"elementor-element elementor-element-3a1543f e-con-full e-flex e-con e-child\" data-id=\"3a1543f\" data-element_type=\"container\" data-e-type=\"container\">\n\t\t\t\t<div class=\"elementor-element elementor-element-7d8f928 elementor-widget elementor-widget-heading\" data-id=\"7d8f928\" data-element_type=\"widget\" data-e-type=\"widget\" data-widget_type=\"heading.default\">\n\t\t\t\t\t<h2 class=\"elementor-heading-title elementor-size-default\">CLETO<\/h2>\t\t\t\t<\/div>\n\t\t\t\t<div class=\"elementor-element elementor-element-384774f elementor-widget elementor-widget-text-editor\" data-id=\"384774f\" data-element_type=\"widget\" data-e-type=\"widget\" data-widget_type=\"text-editor.default\">\n\t\t\t\t\t\t\t\t\t<p><span style=\"font-size: 1rem;\">Der Vater von Alina und Mia betreibt einen landwirtschaftlichen Betrieb im Misox. In Zeiten intensiver Arbeit ist er eine grosse Hilfe f\u00fcr den landwirtschaftlichen Betrieb und den Tourismus.<\/span><\/p>\t\t\t\t\t\t\t\t<\/div>\n\t\t\t\t<\/div>\n\t\t\t\t\t<\/div>\n\t\t\t\t<\/div>\n\t\t<div class=\"elementor-element elementor-element-ff2cc5f e-flex e-con-boxed e-con e-parent\" data-id=\"ff2cc5f\" data-element_type=\"container\" data-e-type=\"container\">\n\t\t\t\t\t<div class=\"e-con-inner\">\n\t\t<div class=\"elementor-element elementor-element-9e9916f e-con-full e-flex e-con e-child\" data-id=\"9e9916f\" data-element_type=\"container\" data-e-type=\"container\">\n\t\t\t\t<div class=\"elementor-element elementor-element-d74fc16 elementor-widget elementor-widget-image\" data-id=\"d74fc16\" data-element_type=\"widget\" data-e-type=\"widget\" data-widget_type=\"image.default\">\n\t\t\t\t\t\t\t\t\t\t\t\t\t\t\t<img decoding=\"async\" width=\"319\" height=\"260\" src=\"https:\/\/agriturismoraisc.ch\/wp-content\/uploads\/2025\/09\/dsc3939_rid8-crop-u3662.jpg\" class=\"attachment-large size-large wp-image-629\" alt=\"\" srcset=\"https:\/\/agriturismoraisc.ch\/wp-content\/uploads\/2025\/09\/dsc3939_rid8-crop-u3662.jpg 319w, https:\/\/agriturismoraisc.ch\/wp-content\/uploads\/2025\/09\/dsc3939_rid8-crop-u3662-300x245.jpg 300w\" sizes=\"(max-width: 319px) 100vw, 319px\" \/>\t\t\t\t\t\t\t\t\t\t\t\t\t\t\t<\/div>\n\t\t\t\t<\/div>\n\t\t<div class=\"elementor-element elementor-element-d871972 e-con-full e-flex e-con e-child\" data-id=\"d871972\" data-element_type=\"container\" data-e-type=\"container\">\n\t\t\t\t<div class=\"elementor-element elementor-element-04369c1 elementor-widget elementor-widget-heading\" data-id=\"04369c1\" data-element_type=\"widget\" data-e-type=\"widget\" data-widget_type=\"heading.default\">\n\t\t\t\t\t<h2 class=\"elementor-heading-title elementor-size-default\">AGNESE<\/h2>\t\t\t\t<\/div>\n\t\t\t\t<div class=\"elementor-element elementor-element-a3299af elementor-widget elementor-widget-text-editor\" data-id=\"a3299af\" data-element_type=\"widget\" data-e-type=\"widget\" data-widget_type=\"text-editor.default\">\n\t\t\t\t\t\t\t\t\t<p>Aurelias Mutter, ist Rentnerin. In Braggio w\u00e4re das Rentnerleben ohne Besch\u00e4ftigung jedoch sehr langweilig, deshalb hilft sie immer noch mit und k\u00fcmmert sich insbesondere um Tourismus und den Gem\u00fcsegarten.<\/p>\t\t\t\t\t\t\t\t<\/div>\n\t\t\t\t<\/div>\n\t\t\t\t\t<\/div>\n\t\t\t\t<\/div>\n\t\t<div class=\"elementor-element elementor-element-767e820 e-flex e-con-boxed e-con e-parent\" data-id=\"767e820\" data-element_type=\"container\" data-e-type=\"container\">\n\t\t\t\t\t<div class=\"e-con-inner\">\n\t\t<div class=\"elementor-element elementor-element-c3b7dd2 e-con-full e-flex e-con e-child\" data-id=\"c3b7dd2\" data-element_type=\"container\" data-e-type=\"container\">\n\t\t\t\t<div class=\"elementor-element elementor-element-cd306a6 elementor-widget elementor-widget-image\" data-id=\"cd306a6\" data-element_type=\"widget\" data-e-type=\"widget\" data-widget_type=\"image.default\">\n\t\t\t\t\t\t\t\t\t\t\t\t\t\t\t<img loading=\"lazy\" decoding=\"async\" width=\"350\" height=\"260\" src=\"https:\/\/agriturismoraisc.ch\/wp-content\/uploads\/2025\/09\/luciano-e-alina.jpg\" class=\"attachment-large size-large wp-image-628\" alt=\"\" srcset=\"https:\/\/agriturismoraisc.ch\/wp-content\/uploads\/2025\/09\/luciano-e-alina.jpg 350w, https:\/\/agriturismoraisc.ch\/wp-content\/uploads\/2025\/09\/luciano-e-alina-300x223.jpg 300w\" sizes=\"(max-width: 350px) 100vw, 350px\" \/>\t\t\t\t\t\t\t\t\t\t\t\t\t\t\t<\/div>\n\t\t\t\t<\/div>\n\t\t<div class=\"elementor-element elementor-element-d55a8cc e-con-full e-flex e-con e-child\" data-id=\"d55a8cc\" data-element_type=\"container\" data-e-type=\"container\">\n\t\t\t\t<div class=\"elementor-element elementor-element-21167e6 elementor-widget elementor-widget-heading\" data-id=\"21167e6\" data-element_type=\"widget\" data-e-type=\"widget\" data-widget_type=\"heading.default\">\n\t\t\t\t\t<h2 class=\"elementor-heading-title elementor-size-default\">LUCIANO<\/h2>\t\t\t\t<\/div>\n\t\t\t\t<div class=\"elementor-element elementor-element-b4314a8 elementor-widget elementor-widget-text-editor\" data-id=\"b4314a8\" data-element_type=\"widget\" data-e-type=\"widget\" data-widget_type=\"text-editor.default\">\n\t\t\t\t\t\t\t\t\t<p>Aurelias Vater, ist ebenfalls Rentner. Er h\u00e4lt sich fit, indem er in der Landwirtschaft hilft.<\/p>\t\t\t\t\t\t\t\t<\/div>\n\t\t\t\t<\/div>\n\t\t\t\t\t<\/div>\n\t\t\t\t<\/div>\n\t\t<div class=\"elementor-element elementor-element-8e47f19 e-flex e-con-boxed e-con e-parent\" data-id=\"8e47f19\" data-element_type=\"container\" data-e-type=\"container\">\n\t\t\t\t\t<div class=\"e-con-inner\">\n\t\t<div class=\"elementor-element elementor-element-7281935 e-con-full e-flex e-con e-child\" data-id=\"7281935\" data-element_type=\"container\" data-e-type=\"container\">\n\t\t\t\t<div class=\"elementor-element elementor-element-d4c0695 elementor-widget elementor-widget-image\" data-id=\"d4c0695\" data-element_type=\"widget\" data-e-type=\"widget\" data-widget_type=\"image.default\">\n\t\t\t\t\t\t\t\t\t\t\t\t\t\t\t<img loading=\"lazy\" decoding=\"async\" width=\"319\" height=\"319\" src=\"https:\/\/agriturismoraisc.ch\/wp-content\/uploads\/2025\/09\/daniela-service_sola.jpg\" class=\"attachment-large size-large wp-image-626\" alt=\"\" srcset=\"https:\/\/agriturismoraisc.ch\/wp-content\/uploads\/2025\/09\/daniela-service_sola.jpg 319w, https:\/\/agriturismoraisc.ch\/wp-content\/uploads\/2025\/09\/daniela-service_sola-300x300.jpg 300w, https:\/\/agriturismoraisc.ch\/wp-content\/uploads\/2025\/09\/daniela-service_sola-150x150.jpg 150w\" sizes=\"(max-width: 319px) 100vw, 319px\" \/>\t\t\t\t\t\t\t\t\t\t\t\t\t\t\t<\/div>\n\t\t\t\t<\/div>\n\t\t<div class=\"elementor-element elementor-element-af2162a e-con-full e-flex e-con e-child\" data-id=\"af2162a\" data-element_type=\"container\" data-e-type=\"container\">\n\t\t\t\t<div class=\"elementor-element elementor-element-7abf054 elementor-widget elementor-widget-heading\" data-id=\"7abf054\" data-element_type=\"widget\" data-e-type=\"widget\" data-widget_type=\"heading.default\">\n\t\t\t\t\t<h2 class=\"elementor-heading-title elementor-size-default\">DANIELA<\/h2>\t\t\t\t<\/div>\n\t\t\t\t<div class=\"elementor-element elementor-element-3d7687d elementor-widget elementor-widget-text-editor\" data-id=\"3d7687d\" data-element_type=\"widget\" data-e-type=\"widget\" data-widget_type=\"text-editor.default\">\n\t\t\t\t\t\t\t\t\t<p>Luciano\u2019s Schwester kehrte nach langj\u00e4hriger T\u00e4tigkeit <br \/>im Spital Locarno, nach Braggio zur\u00fcck. Sie ist verantwortlich f\u00fcr die Reinigung der<br \/>Ferienh\u00e4user, arbeitet in der K\u00fcche und im Service.<\/p>\t\t\t\t\t\t\t\t<\/div>\n\t\t\t\t<\/div>\n\t\t\t\t\t<\/div>\n\t\t\t\t<\/div>\n\t\t<div class=\"elementor-element elementor-element-1019e11 e-flex e-con-boxed e-con e-parent\" data-id=\"1019e11\" data-element_type=\"container\" data-e-type=\"container\">\n\t\t\t\t\t<div class=\"e-con-inner\">\n\t\t<div class=\"elementor-element elementor-element-e0b2540 e-con-full e-flex e-con e-child\" data-id=\"e0b2540\" data-element_type=\"container\" data-e-type=\"container\">\n\t\t\t\t<div class=\"elementor-element elementor-element-935a9b0 elementor-widget elementor-widget-image\" data-id=\"935a9b0\" data-element_type=\"widget\" data-e-type=\"widget\" data-widget_type=\"image.default\">\n\t\t\t\t\t\t\t\t\t\t\t\t\t\t\t<img loading=\"lazy\" decoding=\"async\" width=\"768\" height=\"1024\" src=\"https:\/\/agriturismoraisc.ch\/wp-content\/uploads\/2026\/03\/IMG-20260221-WA0000-1-768x1024.jpg\" class=\"attachment-large size-large wp-image-793\" alt=\"\" srcset=\"https:\/\/agriturismoraisc.ch\/wp-content\/uploads\/2026\/03\/IMG-20260221-WA0000-1-768x1024.jpg 768w, https:\/\/agriturismoraisc.ch\/wp-content\/uploads\/2026\/03\/IMG-20260221-WA0000-1-225x300.jpg 225w, https:\/\/agriturismoraisc.ch\/wp-content\/uploads\/2026\/03\/IMG-20260221-WA0000-1-1152x1536.jpg 1152w, https:\/\/agriturismoraisc.ch\/wp-content\/uploads\/2026\/03\/IMG-20260221-WA0000-1.jpg 1200w\" sizes=\"(max-width: 768px) 100vw, 768px\" \/>\t\t\t\t\t\t\t\t\t\t\t\t\t\t\t<\/div>\n\t\t\t\t<\/div>\n\t\t<div class=\"elementor-element elementor-element-830f44e e-con-full e-flex e-con e-child\" data-id=\"830f44e\" data-element_type=\"container\" data-e-type=\"container\">\n\t\t\t\t<div class=\"elementor-element elementor-element-47208e4 elementor-widget elementor-widget-heading\" data-id=\"47208e4\" data-element_type=\"widget\" data-e-type=\"widget\" data-widget_type=\"heading.default\">\n\t\t\t\t\t<h2 class=\"elementor-heading-title elementor-size-default\">ALINA e MIA<\/h2>\t\t\t\t<\/div>\n\t\t\t\t<\/div>\n\t\t\t\t\t<\/div>\n\t\t\t\t<\/div>\n\t\t<div class=\"elementor-element elementor-element-c62a7d6 e-flex e-con-boxed e-con e-parent\" data-id=\"c62a7d6\" data-element_type=\"container\" data-e-type=\"container\">\n\t\t\t\t\t<div class=\"e-con-inner\">\n\t\t<div class=\"elementor-element elementor-element-5d0c914 e-con-full e-flex e-con e-child\" data-id=\"5d0c914\" data-element_type=\"container\" data-e-type=\"container\">\n\t\t\t\t<div class=\"elementor-element elementor-element-d4fd3c8 elementor-widget elementor-widget-image\" data-id=\"d4fd3c8\" data-element_type=\"widget\" data-e-type=\"widget\" data-widget_type=\"image.default\">\n\t\t\t\t\t\t\t\t\t\t\t\t\t\t\t<img loading=\"lazy\" decoding=\"async\" width=\"768\" height=\"729\" src=\"https:\/\/agriturismoraisc.ch\/wp-content\/uploads\/2025\/09\/famiglia.jpg\" class=\"attachment-large size-large wp-image-625\" alt=\"\" srcset=\"https:\/\/agriturismoraisc.ch\/wp-content\/uploads\/2025\/09\/famiglia.jpg 768w, https:\/\/agriturismoraisc.ch\/wp-content\/uploads\/2025\/09\/famiglia-300x285.jpg 300w\" sizes=\"(max-width: 768px) 100vw, 768px\" \/>\t\t\t\t\t\t\t\t\t\t\t\t\t\t\t<\/div>\n\t\t\t\t<\/div>\n\t\t<div class=\"elementor-element elementor-element-925e0a1 e-con-full e-flex e-con e-child\" data-id=\"925e0a1\" data-element_type=\"container\" data-e-type=\"container\">\n\t\t\t\t<div class=\"elementor-element elementor-element-31fd3ff elementor-widget elementor-widget-heading\" data-id=\"31fd3ff\" data-element_type=\"widget\" data-e-type=\"widget\" data-widget_type=\"heading.default\">\n\t\t\t\t\t<h2 class=\"elementor-heading-title elementor-size-default\">DIE FAMILIE<\/h2>\t\t\t\t<\/div>\n\t\t\t\t<\/div>\n\t\t\t\t\t<\/div>\n\t\t\t\t<\/div>\n\t\t\t\t<\/div>\n\t\t","protected":false},"excerpt":{"rendered":"<p>Wer arbeitet im Agrotourismus und in der Landwirtschaft mit? AURELIA Anfang 2017 \u00fcbernahm Aurelia von ihren Eltern die Leitung des landwirtschaftlichen Betriebs und des Agrotourismus. Aurelia absolvierte zun\u00e4chst eine kaufm\u00e4nnische Lehre im Gastgewerbe und erwarb anschliessend ein zweites Diplom als B\u00e4uerin an der Landwirtschaftsschule Plantahof. Nach Abschluss der Schule und einigen Jahren praktischer T\u00e4tigkeit im [&hellip;]<\/p>\n","protected":false},"author":1,"featured_media":0,"parent":0,"menu_order":0,"comment_status":"closed","ping_status":"closed","template":"","meta":{"footnotes":""},"class_list":["post-624","page","type-page","status-publish","hentry"],"yoast_head":"<!-- This site is optimized with the Yoast SEO plugin v27.4 - https:\/\/yoast.com\/product\/yoast-seo-wordpress\/ -->\n<title>Wer arbeitet mit? - Agriturismo Raisc<\/title>\n<meta name=\"robots\" content=\"index, follow, max-snippet:-1, max-image-preview:large, max-video-preview:-1\" \/>\n<link rel=\"canonical\" href=\"https:\/\/agriturismoraisc.ch\/de\/wer-arbeitet-mit\/\" \/>\n<meta property=\"og:locale\" content=\"de_DE\" \/>\n<meta property=\"og:type\" content=\"article\" \/>\n<meta property=\"og:title\" content=\"Wer arbeitet mit? - Agriturismo Raisc\" \/>\n<meta property=\"og:description\" content=\"Wer arbeitet im Agrotourismus und in der Landwirtschaft mit? AURELIA Anfang 2017 \u00fcbernahm Aurelia von ihren Eltern die Leitung des landwirtschaftlichen Betriebs und des Agrotourismus. Aurelia absolvierte zun\u00e4chst eine kaufm\u00e4nnische Lehre im Gastgewerbe und erwarb anschliessend ein zweites Diplom als B\u00e4uerin an der Landwirtschaftsschule Plantahof. Nach Abschluss der Schule und einigen Jahren praktischer T\u00e4tigkeit im [&hellip;]\" \/>\n<meta property=\"og:url\" content=\"https:\/\/agriturismoraisc.ch\/de\/wer-arbeitet-mit\/\" \/>\n<meta property=\"og:site_name\" content=\"Agriturismo Raisc\" \/>\n<meta property=\"article:modified_time\" content=\"2026-03-10T17:04:47+00:00\" \/>\n<meta property=\"og:image\" content=\"https:\/\/agriturismoraisc.ch\/wp-content\/uploads\/2025\/09\/aureliares.jpg\" \/>\n\t<meta property=\"og:image:width\" content=\"800\" \/>\n\t<meta property=\"og:image:height\" content=\"575\" \/>\n\t<meta property=\"og:image:type\" content=\"image\/jpeg\" \/>\n<meta name=\"twitter:card\" content=\"summary_large_image\" \/>\n<meta name=\"twitter:label1\" content=\"Gesch\u00e4tzte Lesezeit\" \/>\n\t<meta name=\"twitter:data1\" content=\"2\u00a0Minuten\" \/>\n<script type=\"application\/ld+json\" class=\"yoast-schema-graph\">{\"@context\":\"https:\\\/\\\/schema.org\",\"@graph\":[{\"@type\":\"WebPage\",\"@id\":\"https:\\\/\\\/agriturismoraisc.ch\\\/de\\\/wer-arbeitet-mit\\\/\",\"url\":\"https:\\\/\\\/agriturismoraisc.ch\\\/de\\\/wer-arbeitet-mit\\\/\",\"name\":\"Wer arbeitet mit? - Agriturismo Raisc\",\"isPartOf\":{\"@id\":\"https:\\\/\\\/agriturismoraisc.ch\\\/de\\\/#website\"},\"primaryImageOfPage\":{\"@id\":\"https:\\\/\\\/agriturismoraisc.ch\\\/de\\\/wer-arbeitet-mit\\\/#primaryimage\"},\"image\":{\"@id\":\"https:\\\/\\\/agriturismoraisc.ch\\\/de\\\/wer-arbeitet-mit\\\/#primaryimage\"},\"thumbnailUrl\":\"https:\\\/\\\/agriturismoraisc.ch\\\/wp-content\\\/uploads\\\/2025\\\/09\\\/aureliares.jpg\",\"datePublished\":\"2025-07-18T12:01:33+00:00\",\"dateModified\":\"2026-03-10T17:04:47+00:00\",\"breadcrumb\":{\"@id\":\"https:\\\/\\\/agriturismoraisc.ch\\\/de\\\/wer-arbeitet-mit\\\/#breadcrumb\"},\"inLanguage\":\"de\",\"potentialAction\":[{\"@type\":\"ReadAction\",\"target\":[\"https:\\\/\\\/agriturismoraisc.ch\\\/de\\\/wer-arbeitet-mit\\\/\"]}]},{\"@type\":\"ImageObject\",\"inLanguage\":\"de\",\"@id\":\"https:\\\/\\\/agriturismoraisc.ch\\\/de\\\/wer-arbeitet-mit\\\/#primaryimage\",\"url\":\"https:\\\/\\\/agriturismoraisc.ch\\\/wp-content\\\/uploads\\\/2025\\\/09\\\/aureliares.jpg\",\"contentUrl\":\"https:\\\/\\\/agriturismoraisc.ch\\\/wp-content\\\/uploads\\\/2025\\\/09\\\/aureliares.jpg\"},{\"@type\":\"BreadcrumbList\",\"@id\":\"https:\\\/\\\/agriturismoraisc.ch\\\/de\\\/wer-arbeitet-mit\\\/#breadcrumb\",\"itemListElement\":[{\"@type\":\"ListItem\",\"position\":1,\"name\":\"Home\",\"item\":\"https:\\\/\\\/agriturismoraisc.ch\\\/de\\\/\"},{\"@type\":\"ListItem\",\"position\":2,\"name\":\"Wer arbeitet mit?\"}]},{\"@type\":\"WebSite\",\"@id\":\"https:\\\/\\\/agriturismoraisc.ch\\\/de\\\/#website\",\"url\":\"https:\\\/\\\/agriturismoraisc.ch\\\/de\\\/\",\"name\":\"Agriturismo Raisc\",\"description\":\"\",\"publisher\":{\"@id\":\"https:\\\/\\\/agriturismoraisc.ch\\\/de\\\/#organization\"},\"potentialAction\":[{\"@type\":\"SearchAction\",\"target\":{\"@type\":\"EntryPoint\",\"urlTemplate\":\"https:\\\/\\\/agriturismoraisc.ch\\\/de\\\/?s={search_term_string}\"},\"query-input\":{\"@type\":\"PropertyValueSpecification\",\"valueRequired\":true,\"valueName\":\"search_term_string\"}}],\"inLanguage\":\"de\"},{\"@type\":\"Organization\",\"@id\":\"https:\\\/\\\/agriturismoraisc.ch\\\/de\\\/#organization\",\"name\":\"Agriturismo Raisc\",\"url\":\"https:\\\/\\\/agriturismoraisc.ch\\\/de\\\/\",\"logo\":{\"@type\":\"ImageObject\",\"inLanguage\":\"de\",\"@id\":\"https:\\\/\\\/agriturismoraisc.ch\\\/de\\\/#\\\/schema\\\/logo\\\/image\\\/\",\"url\":\"https:\\\/\\\/agriturismoraisc.ch\\\/wp-content\\\/uploads\\\/2025\\\/07\\\/raisc-ultimo.jpg\",\"contentUrl\":\"https:\\\/\\\/agriturismoraisc.ch\\\/wp-content\\\/uploads\\\/2025\\\/07\\\/raisc-ultimo.jpg\",\"width\":223,\"height\":83,\"caption\":\"Agriturismo Raisc\"},\"image\":{\"@id\":\"https:\\\/\\\/agriturismoraisc.ch\\\/de\\\/#\\\/schema\\\/logo\\\/image\\\/\"}}]}<\/script>\n<!-- \/ Yoast SEO plugin. -->","yoast_head_json":{"title":"Wer arbeitet mit? - Agriturismo Raisc","robots":{"index":"index","follow":"follow","max-snippet":"max-snippet:-1","max-image-preview":"max-image-preview:large","max-video-preview":"max-video-preview:-1"},"canonical":"https:\/\/agriturismoraisc.ch\/de\/wer-arbeitet-mit\/","og_locale":"de_DE","og_type":"article","og_title":"Wer arbeitet mit? - Agriturismo Raisc","og_description":"Wer arbeitet im Agrotourismus und in der Landwirtschaft mit? AURELIA Anfang 2017 \u00fcbernahm Aurelia von ihren Eltern die Leitung des landwirtschaftlichen Betriebs und des Agrotourismus. Aurelia absolvierte zun\u00e4chst eine kaufm\u00e4nnische Lehre im Gastgewerbe und erwarb anschliessend ein zweites Diplom als B\u00e4uerin an der Landwirtschaftsschule Plantahof. Nach Abschluss der Schule und einigen Jahren praktischer T\u00e4tigkeit im [&hellip;]","og_url":"https:\/\/agriturismoraisc.ch\/de\/wer-arbeitet-mit\/","og_site_name":"Agriturismo Raisc","article_modified_time":"2026-03-10T17:04:47+00:00","og_image":[{"width":800,"height":575,"url":"https:\/\/agriturismoraisc.ch\/wp-content\/uploads\/2025\/09\/aureliares.jpg","type":"image\/jpeg"}],"twitter_card":"summary_large_image","twitter_misc":{"Gesch\u00e4tzte Lesezeit":"2\u00a0Minuten"},"schema":{"@context":"https:\/\/schema.org","@graph":[{"@type":"WebPage","@id":"https:\/\/agriturismoraisc.ch\/de\/wer-arbeitet-mit\/","url":"https:\/\/agriturismoraisc.ch\/de\/wer-arbeitet-mit\/","name":"Wer arbeitet mit? - Agriturismo Raisc","isPartOf":{"@id":"https:\/\/agriturismoraisc.ch\/de\/#website"},"primaryImageOfPage":{"@id":"https:\/\/agriturismoraisc.ch\/de\/wer-arbeitet-mit\/#primaryimage"},"image":{"@id":"https:\/\/agriturismoraisc.ch\/de\/wer-arbeitet-mit\/#primaryimage"},"thumbnailUrl":"https:\/\/agriturismoraisc.ch\/wp-content\/uploads\/2025\/09\/aureliares.jpg","datePublished":"2025-07-18T12:01:33+00:00","dateModified":"2026-03-10T17:04:47+00:00","breadcrumb":{"@id":"https:\/\/agriturismoraisc.ch\/de\/wer-arbeitet-mit\/#breadcrumb"},"inLanguage":"de","potentialAction":[{"@type":"ReadAction","target":["https:\/\/agriturismoraisc.ch\/de\/wer-arbeitet-mit\/"]}]},{"@type":"ImageObject","inLanguage":"de","@id":"https:\/\/agriturismoraisc.ch\/de\/wer-arbeitet-mit\/#primaryimage","url":"https:\/\/agriturismoraisc.ch\/wp-content\/uploads\/2025\/09\/aureliares.jpg","contentUrl":"https:\/\/agriturismoraisc.ch\/wp-content\/uploads\/2025\/09\/aureliares.jpg"},{"@type":"BreadcrumbList","@id":"https:\/\/agriturismoraisc.ch\/de\/wer-arbeitet-mit\/#breadcrumb","itemListElement":[{"@type":"ListItem","position":1,"name":"Home","item":"https:\/\/agriturismoraisc.ch\/de\/"},{"@type":"ListItem","position":2,"name":"Wer arbeitet mit?"}]},{"@type":"WebSite","@id":"https:\/\/agriturismoraisc.ch\/de\/#website","url":"https:\/\/agriturismoraisc.ch\/de\/","name":"Agriturismo Raisc","description":"","publisher":{"@id":"https:\/\/agriturismoraisc.ch\/de\/#organization"},"potentialAction":[{"@type":"SearchAction","target":{"@type":"EntryPoint","urlTemplate":"https:\/\/agriturismoraisc.ch\/de\/?s={search_term_string}"},"query-input":{"@type":"PropertyValueSpecification","valueRequired":true,"valueName":"search_term_string"}}],"inLanguage":"de"},{"@type":"Organization","@id":"https:\/\/agriturismoraisc.ch\/de\/#organization","name":"Agriturismo Raisc","url":"https:\/\/agriturismoraisc.ch\/de\/","logo":{"@type":"ImageObject","inLanguage":"de","@id":"https:\/\/agriturismoraisc.ch\/de\/#\/schema\/logo\/image\/","url":"https:\/\/agriturismoraisc.ch\/wp-content\/uploads\/2025\/07\/raisc-ultimo.jpg","contentUrl":"https:\/\/agriturismoraisc.ch\/wp-content\/uploads\/2025\/07\/raisc-ultimo.jpg","width":223,"height":83,"caption":"Agriturismo Raisc"},"image":{"@id":"https:\/\/agriturismoraisc.ch\/de\/#\/schema\/logo\/image\/"}}]}},"_links":{"self":[{"href":"https:\/\/agriturismoraisc.ch\/de\/wp-json\/wp\/v2\/pages\/624","targetHints":{"allow":["GET"]}}],"collection":[{"href":"https:\/\/agriturismoraisc.ch\/de\/wp-json\/wp\/v2\/pages"}],"about":[{"href":"https:\/\/agriturismoraisc.ch\/de\/wp-json\/wp\/v2\/types\/page"}],"author":[{"embeddable":true,"href":"https:\/\/agriturismoraisc.ch\/de\/wp-json\/wp\/v2\/users\/1"}],"replies":[{"embeddable":true,"href":"https:\/\/agriturismoraisc.ch\/de\/wp-json\/wp\/v2\/comments?post=624"}],"version-history":[{"count":4,"href":"https:\/\/agriturismoraisc.ch\/de\/wp-json\/wp\/v2\/pages\/624\/revisions"}],"predecessor-version":[{"id":797,"href":"https:\/\/agriturismoraisc.ch\/de\/wp-json\/wp\/v2\/pages\/624\/revisions\/797"}],"wp:attachment":[{"href":"https:\/\/agriturismoraisc.ch\/de\/wp-json\/wp\/v2\/media?parent=624"}],"curies":[{"name":"wp","href":"https:\/\/api.w.org\/{rel}","templated":true}]}}