{"id":621,"date":"2025-07-18T13:06:53","date_gmt":"2025-07-18T13:06:53","guid":{"rendered":"https:\/\/agriturismoraisc.ch\/gastronomie\/"},"modified":"2026-03-11T17:43:00","modified_gmt":"2026-03-11T17:43:00","slug":"gastronomie","status":"publish","type":"page","link":"https:\/\/agriturismoraisc.ch\/de\/gastronomie\/","title":{"rendered":"Gastronomie"},"content":{"rendered":"\t\t<div data-elementor-type=\"wp-page\" data-elementor-id=\"621\" class=\"elementor elementor-621 elementor-256\" data-elementor-post-type=\"page\">\n\t\t\t\t<div class=\"elementor-element elementor-element-996e21a e-con-full e-flex e-con e-parent\" data-id=\"996e21a\" data-element_type=\"container\" data-e-type=\"container\" data-settings=\"{&quot;background_background&quot;:&quot;classic&quot;}\">\n\t\t<div class=\"elementor-element elementor-element-8f463ea e-con-full e-flex e-con e-child\" data-id=\"8f463ea\" data-element_type=\"container\" data-e-type=\"container\">\n\t\t\t\t<\/div>\n\t\t\t\t<\/div>\n\t\t<div class=\"elementor-element elementor-element-22f771f e-flex e-con-boxed e-con e-parent\" data-id=\"22f771f\" data-element_type=\"container\" data-e-type=\"container\" data-settings=\"{&quot;background_background&quot;:&quot;classic&quot;}\">\n\t\t\t\t\t<div class=\"e-con-inner\">\n\t\t\t\t<div class=\"elementor-element elementor-element-6c01581 elementor-widget elementor-widget-heading\" data-id=\"6c01581\" data-element_type=\"widget\" data-e-type=\"widget\" data-widget_type=\"heading.default\">\n\t\t\t\t\t<h2 class=\"elementor-heading-title elementor-size-default\">Gastronomie im Tal<\/h2>\t\t\t\t<\/div>\n\t\t\t\t\t<\/div>\n\t\t\t\t<\/div>\n\t\t<div class=\"elementor-element elementor-element-c984b37 e-flex e-con-boxed e-con e-parent\" data-id=\"c984b37\" data-element_type=\"container\" data-e-type=\"container\">\n\t\t\t\t\t<div class=\"e-con-inner\">\n\t\t\t\t<div class=\"elementor-element elementor-element-b481e4f elementor-widget elementor-widget-text-editor\" data-id=\"b481e4f\" data-element_type=\"widget\" data-e-type=\"widget\" data-widget_type=\"text-editor.default\">\n\t\t\t\t\t\t\t\t\t<p><span style=\"color: #8cc63f;\"><strong>ROSSA<\/strong><\/span><\/p><p><strong>Restaurant Passetti<\/strong><br \/>Irene Zaharulko<br \/>091 828 12 10<br \/><span style=\"color: #8cc63f;\"><br \/><strong>BRAGGIO<\/strong><br \/><\/span><br \/><strong>\u201cAl Negozio\u201d Lebensmittelladen<\/strong><br \/>Maria De Togni<br \/>076 454 75 16<br \/><span style=\"color: #8cc63f;\"><br \/><strong>AUGIO<\/strong><\/span><\/p><p><strong>Hotel Cascata<\/strong><br \/>Natale und Fiorella Ficile<br \/>+41 91 828 13 12<br \/>www.lacascata.ch<\/p><p><strong>Fischzucht<\/strong><br \/>Werner Siegrist,<br \/>+41 91 828 11 35<\/p><p><strong><span style=\"color: #8cc63f;\">CAUCO<\/span><\/strong><\/p><p><strong>Bottega vecchia Posta<\/strong>, Infopoint<br \/>Getr\u00e4nke, Handwerk, regionale Spezialit\u00e4ten, Regionalarchiv, B\u00fccher, Postkarten<br \/>+41 91 828 10 68<br \/>archivioregionalecalanca@bluewin.ch<\/p><p><strong><span style=\"color: #8cc63f;\">LANDARENCA<\/span><\/strong><\/p><p><strong>Osteria Landarenca<\/strong><br \/>Noemi Negretti<br \/>Tel. 078 826 13 80<br \/>Valentino Borgonovo<br \/>Tel. 078 617 45 22<br \/>noeminegretti@bluewin.ch<\/p><p><strong>Pizzeria Da Renato<\/strong><br \/>079 717 60 65<\/p><p><span style=\"color: #8cc63f;\"><strong>SELMA<\/strong><\/span><\/p><p><strong>Lebensmittel &#8222;Dal vecc&#8220;<br \/><\/strong>Elisabetta Daldini<br \/>079 109 54 44<\/p><p><strong>BnB Al Pont Selma<br \/><\/strong>Monica Daldini<br \/>+41 76 376 80 17<\/p><p><span style=\"color: #8cc63f;\"><strong>ARVIGO<\/strong><\/span><\/p><p><strong>Lebensmittelladen und Restaurant<br \/><\/strong>Centro Arvigo, bei Germinia<br \/>6543 Arvigo, +41 (0)91 828 10 21, 079 694 74 72<\/p><p><strong>BnB Ai Cav<br \/><\/strong>Igor Azzalin<br \/>091 828 17 17, info@bnbcalanca.ch, www.bnbcalanca.ch<\/p><p><span style=\"color: #8cc63f;\"><strong>CASTANEDA<\/strong><\/span><\/p><p><strong>Osteria Croce<\/strong><br \/>078 747 26 17 \/ 091 234 03 35<\/p><p><strong>Grotto Paradiso<br \/><\/strong>Priscilla Dad\u00f2<br \/>041 (0)79 788 90 00<\/p><p><span style=\"color: #8cc63f;\"><strong>STA.MARIA<\/strong><\/span><\/p><p><strong>Restaurant Bellavista<br \/><\/strong>Emanuela Gobbi<br \/>+41 91 827 22 05<\/p><p><strong>Grotto La Baita<br \/><\/strong>Monti di Sta. Maria<br \/>Isolina Pacciarelli<br \/>+41 91 827 37 48<br \/>(Nur im Sommer ge\u00f6ffnet)<\/p>\t\t\t\t\t\t\t\t<\/div>\n\t\t\t\t\t<\/div>\n\t\t\t\t<\/div>\n\t\t\t\t<\/div>\n\t\t","protected":false},"excerpt":{"rendered":"<p>Gastronomie im Tal ROSSA Restaurant PassettiIrene Zaharulko091 828 12 10 BRAGGIO \u201cAl Negozio\u201d LebensmittelladenMaria De Togni076 454 75 16 AUGIO Hotel CascataNatale und Fiorella Ficile+41 91 828 13 12www.lacascata.ch FischzuchtWerner Siegrist,+41 91 828 11 35 CAUCO Bottega vecchia Posta, InfopointGetr\u00e4nke, Handwerk, regionale Spezialit\u00e4ten, Regionalarchiv, B\u00fccher, Postkarten+41 91 828 10 68archivioregionalecalanca@bluewin.ch LANDARENCA Osteria LandarencaNoemi NegrettiTel. 078 [&hellip;]<\/p>\n","protected":false},"author":1,"featured_media":0,"parent":0,"menu_order":0,"comment_status":"closed","ping_status":"closed","template":"","meta":{"footnotes":""},"class_list":["post-621","page","type-page","status-publish","hentry"],"yoast_head":"<!-- This site is optimized with the Yoast SEO plugin v27.4 - https:\/\/yoast.com\/product\/yoast-seo-wordpress\/ -->\n<title>Gastronomie - Agriturismo Raisc<\/title>\n<meta name=\"robots\" content=\"index, follow, max-snippet:-1, max-image-preview:large, max-video-preview:-1\" \/>\n<link rel=\"canonical\" href=\"https:\/\/agriturismoraisc.ch\/de\/gastronomie\/\" \/>\n<meta property=\"og:locale\" content=\"de_DE\" \/>\n<meta property=\"og:type\" content=\"article\" \/>\n<meta property=\"og:title\" content=\"Gastronomie - Agriturismo Raisc\" \/>\n<meta property=\"og:description\" content=\"Gastronomie im Tal ROSSA Restaurant PassettiIrene Zaharulko091 828 12 10 BRAGGIO \u201cAl Negozio\u201d LebensmittelladenMaria De Togni076 454 75 16 AUGIO Hotel CascataNatale und Fiorella Ficile+41 91 828 13 12www.lacascata.ch FischzuchtWerner Siegrist,+41 91 828 11 35 CAUCO Bottega vecchia Posta, InfopointGetr\u00e4nke, Handwerk, regionale Spezialit\u00e4ten, Regionalarchiv, B\u00fccher, Postkarten+41 91 828 10 68archivioregionalecalanca@bluewin.ch LANDARENCA Osteria LandarencaNoemi NegrettiTel. 078 [&hellip;]\" \/>\n<meta property=\"og:url\" content=\"https:\/\/agriturismoraisc.ch\/de\/gastronomie\/\" \/>\n<meta property=\"og:site_name\" content=\"Agriturismo Raisc\" \/>\n<meta property=\"article:modified_time\" content=\"2026-03-11T17:43:00+00:00\" \/>\n<meta name=\"twitter:card\" content=\"summary_large_image\" \/>\n<meta name=\"twitter:label1\" content=\"Gesch\u00e4tzte Lesezeit\" \/>\n\t<meta name=\"twitter:data1\" content=\"2\u00a0Minuten\" \/>\n<script type=\"application\/ld+json\" class=\"yoast-schema-graph\">{\"@context\":\"https:\\\/\\\/schema.org\",\"@graph\":[{\"@type\":\"WebPage\",\"@id\":\"https:\\\/\\\/agriturismoraisc.ch\\\/de\\\/gastronomie\\\/\",\"url\":\"https:\\\/\\\/agriturismoraisc.ch\\\/de\\\/gastronomie\\\/\",\"name\":\"Gastronomie - Agriturismo Raisc\",\"isPartOf\":{\"@id\":\"https:\\\/\\\/agriturismoraisc.ch\\\/de\\\/#website\"},\"datePublished\":\"2025-07-18T13:06:53+00:00\",\"dateModified\":\"2026-03-11T17:43:00+00:00\",\"breadcrumb\":{\"@id\":\"https:\\\/\\\/agriturismoraisc.ch\\\/de\\\/gastronomie\\\/#breadcrumb\"},\"inLanguage\":\"de\",\"potentialAction\":[{\"@type\":\"ReadAction\",\"target\":[\"https:\\\/\\\/agriturismoraisc.ch\\\/de\\\/gastronomie\\\/\"]}]},{\"@type\":\"BreadcrumbList\",\"@id\":\"https:\\\/\\\/agriturismoraisc.ch\\\/de\\\/gastronomie\\\/#breadcrumb\",\"itemListElement\":[{\"@type\":\"ListItem\",\"position\":1,\"name\":\"Home\",\"item\":\"https:\\\/\\\/agriturismoraisc.ch\\\/de\\\/\"},{\"@type\":\"ListItem\",\"position\":2,\"name\":\"Gastronomie\"}]},{\"@type\":\"WebSite\",\"@id\":\"https:\\\/\\\/agriturismoraisc.ch\\\/de\\\/#website\",\"url\":\"https:\\\/\\\/agriturismoraisc.ch\\\/de\\\/\",\"name\":\"Agriturismo Raisc\",\"description\":\"\",\"publisher\":{\"@id\":\"https:\\\/\\\/agriturismoraisc.ch\\\/de\\\/#organization\"},\"potentialAction\":[{\"@type\":\"SearchAction\",\"target\":{\"@type\":\"EntryPoint\",\"urlTemplate\":\"https:\\\/\\\/agriturismoraisc.ch\\\/de\\\/?s={search_term_string}\"},\"query-input\":{\"@type\":\"PropertyValueSpecification\",\"valueRequired\":true,\"valueName\":\"search_term_string\"}}],\"inLanguage\":\"de\"},{\"@type\":\"Organization\",\"@id\":\"https:\\\/\\\/agriturismoraisc.ch\\\/de\\\/#organization\",\"name\":\"Agriturismo Raisc\",\"url\":\"https:\\\/\\\/agriturismoraisc.ch\\\/de\\\/\",\"logo\":{\"@type\":\"ImageObject\",\"inLanguage\":\"de\",\"@id\":\"https:\\\/\\\/agriturismoraisc.ch\\\/de\\\/#\\\/schema\\\/logo\\\/image\\\/\",\"url\":\"https:\\\/\\\/agriturismoraisc.ch\\\/wp-content\\\/uploads\\\/2025\\\/07\\\/raisc-ultimo.jpg\",\"contentUrl\":\"https:\\\/\\\/agriturismoraisc.ch\\\/wp-content\\\/uploads\\\/2025\\\/07\\\/raisc-ultimo.jpg\",\"width\":223,\"height\":83,\"caption\":\"Agriturismo Raisc\"},\"image\":{\"@id\":\"https:\\\/\\\/agriturismoraisc.ch\\\/de\\\/#\\\/schema\\\/logo\\\/image\\\/\"}}]}<\/script>\n<!-- \/ Yoast SEO plugin. -->","yoast_head_json":{"title":"Gastronomie - Agriturismo Raisc","robots":{"index":"index","follow":"follow","max-snippet":"max-snippet:-1","max-image-preview":"max-image-preview:large","max-video-preview":"max-video-preview:-1"},"canonical":"https:\/\/agriturismoraisc.ch\/de\/gastronomie\/","og_locale":"de_DE","og_type":"article","og_title":"Gastronomie - Agriturismo Raisc","og_description":"Gastronomie im Tal ROSSA Restaurant PassettiIrene Zaharulko091 828 12 10 BRAGGIO \u201cAl Negozio\u201d LebensmittelladenMaria De Togni076 454 75 16 AUGIO Hotel CascataNatale und Fiorella Ficile+41 91 828 13 12www.lacascata.ch FischzuchtWerner Siegrist,+41 91 828 11 35 CAUCO Bottega vecchia Posta, InfopointGetr\u00e4nke, Handwerk, regionale Spezialit\u00e4ten, Regionalarchiv, B\u00fccher, Postkarten+41 91 828 10 68archivioregionalecalanca@bluewin.ch LANDARENCA Osteria LandarencaNoemi NegrettiTel. 078 [&hellip;]","og_url":"https:\/\/agriturismoraisc.ch\/de\/gastronomie\/","og_site_name":"Agriturismo Raisc","article_modified_time":"2026-03-11T17:43:00+00:00","twitter_card":"summary_large_image","twitter_misc":{"Gesch\u00e4tzte Lesezeit":"2\u00a0Minuten"},"schema":{"@context":"https:\/\/schema.org","@graph":[{"@type":"WebPage","@id":"https:\/\/agriturismoraisc.ch\/de\/gastronomie\/","url":"https:\/\/agriturismoraisc.ch\/de\/gastronomie\/","name":"Gastronomie - Agriturismo Raisc","isPartOf":{"@id":"https:\/\/agriturismoraisc.ch\/de\/#website"},"datePublished":"2025-07-18T13:06:53+00:00","dateModified":"2026-03-11T17:43:00+00:00","breadcrumb":{"@id":"https:\/\/agriturismoraisc.ch\/de\/gastronomie\/#breadcrumb"},"inLanguage":"de","potentialAction":[{"@type":"ReadAction","target":["https:\/\/agriturismoraisc.ch\/de\/gastronomie\/"]}]},{"@type":"BreadcrumbList","@id":"https:\/\/agriturismoraisc.ch\/de\/gastronomie\/#breadcrumb","itemListElement":[{"@type":"ListItem","position":1,"name":"Home","item":"https:\/\/agriturismoraisc.ch\/de\/"},{"@type":"ListItem","position":2,"name":"Gastronomie"}]},{"@type":"WebSite","@id":"https:\/\/agriturismoraisc.ch\/de\/#website","url":"https:\/\/agriturismoraisc.ch\/de\/","name":"Agriturismo Raisc","description":"","publisher":{"@id":"https:\/\/agriturismoraisc.ch\/de\/#organization"},"potentialAction":[{"@type":"SearchAction","target":{"@type":"EntryPoint","urlTemplate":"https:\/\/agriturismoraisc.ch\/de\/?s={search_term_string}"},"query-input":{"@type":"PropertyValueSpecification","valueRequired":true,"valueName":"search_term_string"}}],"inLanguage":"de"},{"@type":"Organization","@id":"https:\/\/agriturismoraisc.ch\/de\/#organization","name":"Agriturismo Raisc","url":"https:\/\/agriturismoraisc.ch\/de\/","logo":{"@type":"ImageObject","inLanguage":"de","@id":"https:\/\/agriturismoraisc.ch\/de\/#\/schema\/logo\/image\/","url":"https:\/\/agriturismoraisc.ch\/wp-content\/uploads\/2025\/07\/raisc-ultimo.jpg","contentUrl":"https:\/\/agriturismoraisc.ch\/wp-content\/uploads\/2025\/07\/raisc-ultimo.jpg","width":223,"height":83,"caption":"Agriturismo Raisc"},"image":{"@id":"https:\/\/agriturismoraisc.ch\/de\/#\/schema\/logo\/image\/"}}]}},"_links":{"self":[{"href":"https:\/\/agriturismoraisc.ch\/de\/wp-json\/wp\/v2\/pages\/621","targetHints":{"allow":["GET"]}}],"collection":[{"href":"https:\/\/agriturismoraisc.ch\/de\/wp-json\/wp\/v2\/pages"}],"about":[{"href":"https:\/\/agriturismoraisc.ch\/de\/wp-json\/wp\/v2\/types\/page"}],"author":[{"embeddable":true,"href":"https:\/\/agriturismoraisc.ch\/de\/wp-json\/wp\/v2\/users\/1"}],"replies":[{"embeddable":true,"href":"https:\/\/agriturismoraisc.ch\/de\/wp-json\/wp\/v2\/comments?post=621"}],"version-history":[{"count":7,"href":"https:\/\/agriturismoraisc.ch\/de\/wp-json\/wp\/v2\/pages\/621\/revisions"}],"predecessor-version":[{"id":841,"href":"https:\/\/agriturismoraisc.ch\/de\/wp-json\/wp\/v2\/pages\/621\/revisions\/841"}],"wp:attachment":[{"href":"https:\/\/agriturismoraisc.ch\/de\/wp-json\/wp\/v2\/media?parent=621"}],"curies":[{"name":"wp","href":"https:\/\/api.w.org\/{rel}","templated":true}]}}