{"id":614,"date":"2025-07-18T12:30:16","date_gmt":"2025-07-18T12:30:16","guid":{"rendered":"https:\/\/agriturismoraisc.ch\/ferienwohnungen\/"},"modified":"2026-03-10T17:16:31","modified_gmt":"2026-03-10T17:16:31","slug":"ferienwohnungen","status":"publish","type":"page","link":"https:\/\/agriturismoraisc.ch\/de\/ferienwohnungen\/","title":{"rendered":"Ferienwohnungen"},"content":{"rendered":"\t\t<div data-elementor-type=\"wp-page\" data-elementor-id=\"614\" class=\"elementor elementor-614 elementor-146\" data-elementor-post-type=\"page\">\n\t\t\t\t<div class=\"elementor-element elementor-element-fa3f75b e-flex e-con-boxed e-con e-parent\" data-id=\"fa3f75b\" data-element_type=\"container\" data-e-type=\"container\" data-settings=\"{&quot;background_background&quot;:&quot;classic&quot;}\">\n\t\t\t\t\t<div class=\"e-con-inner\">\n\t\t\t\t\t<\/div>\n\t\t\t\t<\/div>\n\t\t<div class=\"elementor-element elementor-element-57b6552 e-flex e-con-boxed e-con e-parent\" data-id=\"57b6552\" data-element_type=\"container\" data-e-type=\"container\" data-settings=\"{&quot;background_background&quot;:&quot;classic&quot;}\">\n\t\t\t\t\t<div class=\"e-con-inner\">\n\t\t\t\t<div class=\"elementor-element elementor-element-9a8e923 elementor-widget elementor-widget-heading\" data-id=\"9a8e923\" data-element_type=\"widget\" data-e-type=\"widget\" data-widget_type=\"heading.default\">\n\t\t\t\t\t<h2 class=\"elementor-heading-title elementor-size-default\">Die 4 Ferienwohnungen<\/h2>\t\t\t\t<\/div>\n\t\t\t\t\t<\/div>\n\t\t\t\t<\/div>\n\t\t<div class=\"elementor-element elementor-element-a00969f e-flex e-con-boxed e-con e-parent\" data-id=\"a00969f\" data-element_type=\"container\" data-e-type=\"container\">\n\t\t\t\t\t<div class=\"e-con-inner\">\n\t\t\t\t<div class=\"elementor-element elementor-element-081b3c0 elementor-widget elementor-widget-text-editor\" data-id=\"081b3c0\" data-element_type=\"widget\" data-e-type=\"widget\" data-widget_type=\"text-editor.default\">\n\t\t\t\t\t\t\t\t\t<p>Wir k\u00f6nnen unseren G\u00e4sten 4 Ferienwohnungen mit insgesamt 22 Betten anbieten. Die H\u00e4user \u201edello Zio\u201c und \u201eR\u00fcss\u201c sind das Ergebnis der Sanierung alter, typischer Geb\u00e4ude mit jeweils 7 Betten, w\u00e4hrend die H\u00e4user \u201eMolera\u201c und \u201eStella\u201c fr\u00fcher alte St\u00e4lle waren. Alle H\u00e4user verf\u00fcgen \u00fcber K\u00fcche, Wohnzimmer und Bad mit Dusche\/WC. Unsere G\u00e4ste k\u00f6nnen dann f\u00fcr ihren Eigenbedarf von unseren Produkten wie Gem\u00fcse, Fleisch, K\u00e4se, Marmelade usw. profitieren. Im kleinen Dorfladen gibt es auch alles, was man f\u00fcr den Alltag braucht.<\/p>\t\t\t\t\t\t\t\t<\/div>\n\t\t\t\t\t<\/div>\n\t\t\t\t<\/div>\n\t\t<div class=\"elementor-element elementor-element-850b4d2 e-flex e-con-boxed e-con e-parent\" data-id=\"850b4d2\" data-element_type=\"container\" data-e-type=\"container\">\n\t\t\t\t\t<div class=\"e-con-inner\">\n\t\t<div class=\"elementor-element elementor-element-d3034f0 e-con-full e-flex e-con e-child\" data-id=\"d3034f0\" data-element_type=\"container\" data-e-type=\"container\">\n\t\t\t\t<div class=\"elementor-element elementor-element-04734ef elementor-widget elementor-widget-heading\" data-id=\"04734ef\" data-element_type=\"widget\" data-e-type=\"widget\" data-widget_type=\"heading.default\">\n\t\t\t\t\t<h2 class=\"elementor-heading-title elementor-size-default\">Casa dello Zio<\/h2>\t\t\t\t<\/div>\n\t\t\t\t<div class=\"elementor-element elementor-element-83742ef elementor-widget elementor-widget-image\" data-id=\"83742ef\" data-element_type=\"widget\" data-e-type=\"widget\" data-widget_type=\"image.default\">\n\t\t\t\t\t\t\t\t\t\t\t\t\t\t\t\t<a href=\"https:\/\/agriturismoraisc.ch\/casa-dello-zio\/\">\n\t\t\t\t\t\t\t<img fetchpriority=\"high\" decoding=\"async\" width=\"800\" height=\"600\" src=\"https:\/\/agriturismoraisc.ch\/wp-content\/uploads\/2025\/07\/download-23.jpg\" class=\"attachment-large size-large wp-image-553\" alt=\"\" srcset=\"https:\/\/agriturismoraisc.ch\/wp-content\/uploads\/2025\/07\/download-23.jpg 800w, https:\/\/agriturismoraisc.ch\/wp-content\/uploads\/2025\/07\/download-23-300x225.jpg 300w, https:\/\/agriturismoraisc.ch\/wp-content\/uploads\/2025\/07\/download-23-768x576.jpg 768w\" sizes=\"(max-width: 800px) 100vw, 800px\" \/>\t\t\t\t\t\t\t\t<\/a>\n\t\t\t\t\t\t\t\t\t\t\t\t\t\t\t<\/div>\n\t\t\t\t<\/div>\n\t\t<div class=\"elementor-element elementor-element-b47c1fc e-con-full e-flex e-con e-child\" data-id=\"b47c1fc\" data-element_type=\"container\" data-e-type=\"container\">\n\t\t\t\t<div class=\"elementor-element elementor-element-1f86e5e elementor-widget elementor-widget-heading\" data-id=\"1f86e5e\" data-element_type=\"widget\" data-e-type=\"widget\" data-widget_type=\"heading.default\">\n\t\t\t\t\t<h2 class=\"elementor-heading-title elementor-size-default\">Casa R\u00fcss<\/h2>\t\t\t\t<\/div>\n\t\t\t\t<div class=\"elementor-element elementor-element-2ac6aa8 elementor-widget elementor-widget-image\" data-id=\"2ac6aa8\" data-element_type=\"widget\" data-e-type=\"widget\" data-widget_type=\"image.default\">\n\t\t\t\t\t\t\t\t\t\t\t\t\t\t\t\t<a href=\"https:\/\/agriturismoraisc.ch\/casa-russ\/\">\n\t\t\t\t\t\t\t<img decoding=\"async\" width=\"800\" height=\"600\" src=\"https:\/\/agriturismoraisc.ch\/wp-content\/uploads\/2025\/07\/download-5.jpg\" class=\"attachment-large size-large wp-image-616\" alt=\"\" srcset=\"https:\/\/agriturismoraisc.ch\/wp-content\/uploads\/2025\/07\/download-5.jpg 800w, https:\/\/agriturismoraisc.ch\/wp-content\/uploads\/2025\/07\/download-5-300x225.jpg 300w, https:\/\/agriturismoraisc.ch\/wp-content\/uploads\/2025\/07\/download-5-768x576.jpg 768w\" sizes=\"(max-width: 800px) 100vw, 800px\" \/>\t\t\t\t\t\t\t\t<\/a>\n\t\t\t\t\t\t\t\t\t\t\t\t\t\t\t<\/div>\n\t\t\t\t<\/div>\n\t\t<div class=\"elementor-element elementor-element-7720d22 e-con-full e-flex e-con e-child\" data-id=\"7720d22\" data-element_type=\"container\" data-e-type=\"container\">\n\t\t\t\t<div class=\"elementor-element elementor-element-30fa41a elementor-widget elementor-widget-heading\" data-id=\"30fa41a\" data-element_type=\"widget\" data-e-type=\"widget\" data-widget_type=\"heading.default\">\n\t\t\t\t\t<h2 class=\"elementor-heading-title elementor-size-default\">Casa Molera<\/h2>\t\t\t\t<\/div>\n\t\t\t\t<div class=\"elementor-element elementor-element-061d919 elementor-widget elementor-widget-image\" data-id=\"061d919\" data-element_type=\"widget\" data-e-type=\"widget\" data-widget_type=\"image.default\">\n\t\t\t\t\t\t\t\t\t\t\t\t\t\t\t\t<a href=\"https:\/\/agriturismoraisc.ch\/casa-molera\/\">\n\t\t\t\t\t\t\t<img decoding=\"async\" width=\"800\" height=\"600\" src=\"https:\/\/agriturismoraisc.ch\/wp-content\/uploads\/2025\/07\/casa-molera-1024x768.jpg\" class=\"attachment-large size-large wp-image-617\" alt=\"\" srcset=\"https:\/\/agriturismoraisc.ch\/wp-content\/uploads\/2025\/07\/casa-molera-1024x768.jpg 1024w, https:\/\/agriturismoraisc.ch\/wp-content\/uploads\/2025\/07\/casa-molera-300x225.jpg 300w, https:\/\/agriturismoraisc.ch\/wp-content\/uploads\/2025\/07\/casa-molera-768x576.jpg 768w, https:\/\/agriturismoraisc.ch\/wp-content\/uploads\/2025\/07\/casa-molera-1536x1152.jpg 1536w, https:\/\/agriturismoraisc.ch\/wp-content\/uploads\/2025\/07\/casa-molera.jpg 1830w\" sizes=\"(max-width: 800px) 100vw, 800px\" \/>\t\t\t\t\t\t\t\t<\/a>\n\t\t\t\t\t\t\t\t\t\t\t\t\t\t\t<\/div>\n\t\t\t\t<\/div>\n\t\t<div class=\"elementor-element elementor-element-e198e44 e-con-full e-flex e-con e-child\" data-id=\"e198e44\" data-element_type=\"container\" data-e-type=\"container\">\n\t\t\t\t<div class=\"elementor-element elementor-element-59063f8 elementor-widget elementor-widget-heading\" data-id=\"59063f8\" data-element_type=\"widget\" data-e-type=\"widget\" data-widget_type=\"heading.default\">\n\t\t\t\t\t<h2 class=\"elementor-heading-title elementor-size-default\">Casa La Stella<\/h2>\t\t\t\t<\/div>\n\t\t\t\t<div class=\"elementor-element elementor-element-6ae51b5 elementor-widget elementor-widget-image\" data-id=\"6ae51b5\" data-element_type=\"widget\" data-e-type=\"widget\" data-widget_type=\"image.default\">\n\t\t\t\t\t\t\t\t\t\t\t\t\t\t\t\t<a href=\"https:\/\/agriturismoraisc.ch\/casa-stella\/\">\n\t\t\t\t\t\t\t<img loading=\"lazy\" decoding=\"async\" width=\"800\" height=\"600\" src=\"https:\/\/agriturismoraisc.ch\/wp-content\/uploads\/2025\/07\/download-22.jpg\" class=\"attachment-large size-large wp-image-618\" alt=\"\" srcset=\"https:\/\/agriturismoraisc.ch\/wp-content\/uploads\/2025\/07\/download-22.jpg 800w, https:\/\/agriturismoraisc.ch\/wp-content\/uploads\/2025\/07\/download-22-300x225.jpg 300w, https:\/\/agriturismoraisc.ch\/wp-content\/uploads\/2025\/07\/download-22-768x576.jpg 768w\" sizes=\"(max-width: 800px) 100vw, 800px\" \/>\t\t\t\t\t\t\t\t<\/a>\n\t\t\t\t\t\t\t\t\t\t\t\t\t\t\t<\/div>\n\t\t\t\t<\/div>\n\t\t\t\t\t<\/div>\n\t\t\t\t<\/div>\n\t\t<div class=\"elementor-element elementor-element-2f8df9f e-flex e-con-boxed e-con e-parent\" data-id=\"2f8df9f\" data-element_type=\"container\" data-e-type=\"container\">\n\t\t\t\t\t<div class=\"e-con-inner\">\n\t\t\t\t<div class=\"elementor-element elementor-element-f10ed8f elementor-widget elementor-widget-heading\" data-id=\"f10ed8f\" data-element_type=\"widget\" data-e-type=\"widget\" data-widget_type=\"heading.default\">\n\t\t\t\t\t<h2 class=\"elementor-heading-title elementor-size-default\">ALLGEMEINE INFORMATIONEN<\/h2>\t\t\t\t<\/div>\n\t\t\t\t<div class=\"elementor-element elementor-element-52b79ad elementor-widget elementor-widget-text-editor\" data-id=\"52b79ad\" data-element_type=\"widget\" data-e-type=\"widget\" data-widget_type=\"text-editor.default\">\n\t\t\t\t\t\t\t\t\t<p><strong>Check-in:<\/strong> ab 15.00 Uhr<\/p><p><strong>Check-out:<\/strong> bis 10.00 Uhr (oder auf Anfrage)<\/p><p><strong>Mindestmietdauer der H\u00e4user:<\/strong> : 3 \u00dcbernachtungen<\/p><p>F\u00fcr 1-2 N\u00e4chte k\u00f6nnen Sie entweder in der Suite oder in den Ferienwohnungen mit Halbpension \u00fcbernachten. Ohne Nutzung der K\u00fcche. <\/p><p>Hunde sind in den Ferienwohnungen willkommen. Wir bitten unsere Kunden, die Hunde im Wohnzimmer und nicht in den Schlafzimmern zu halten. <\/p>\t\t\t\t\t\t\t\t<\/div>\n\t\t\t\t\t<\/div>\n\t\t\t\t<\/div>\n\t\t\t\t<\/div>\n\t\t","protected":false},"excerpt":{"rendered":"<p>Die 4 Ferienwohnungen Wir k\u00f6nnen unseren G\u00e4sten 4 Ferienwohnungen mit insgesamt 22 Betten anbieten. Die H\u00e4user \u201edello Zio\u201c und \u201eR\u00fcss\u201c sind das Ergebnis der Sanierung alter, typischer Geb\u00e4ude mit jeweils 7 Betten, w\u00e4hrend die H\u00e4user \u201eMolera\u201c und \u201eStella\u201c fr\u00fcher alte St\u00e4lle waren. Alle H\u00e4user verf\u00fcgen \u00fcber K\u00fcche, Wohnzimmer und Bad mit Dusche\/WC. Unsere G\u00e4ste k\u00f6nnen [&hellip;]<\/p>\n","protected":false},"author":1,"featured_media":0,"parent":0,"menu_order":0,"comment_status":"closed","ping_status":"closed","template":"","meta":{"footnotes":""},"class_list":["post-614","page","type-page","status-publish","hentry"],"yoast_head":"<!-- This site is optimized with the Yoast SEO plugin v27.4 - https:\/\/yoast.com\/product\/yoast-seo-wordpress\/ -->\n<title>Ferienwohnungen - Agriturismo Raisc<\/title>\n<meta name=\"robots\" content=\"index, follow, max-snippet:-1, max-image-preview:large, max-video-preview:-1\" \/>\n<link rel=\"canonical\" href=\"https:\/\/agriturismoraisc.ch\/de\/ferienwohnungen\/\" \/>\n<meta property=\"og:locale\" content=\"de_DE\" \/>\n<meta property=\"og:type\" content=\"article\" \/>\n<meta property=\"og:title\" content=\"Ferienwohnungen - Agriturismo Raisc\" \/>\n<meta property=\"og:description\" content=\"Die 4 Ferienwohnungen Wir k\u00f6nnen unseren G\u00e4sten 4 Ferienwohnungen mit insgesamt 22 Betten anbieten. Die H\u00e4user \u201edello Zio\u201c und \u201eR\u00fcss\u201c sind das Ergebnis der Sanierung alter, typischer Geb\u00e4ude mit jeweils 7 Betten, w\u00e4hrend die H\u00e4user \u201eMolera\u201c und \u201eStella\u201c fr\u00fcher alte St\u00e4lle waren. Alle H\u00e4user verf\u00fcgen \u00fcber K\u00fcche, Wohnzimmer und Bad mit Dusche\/WC. Unsere G\u00e4ste k\u00f6nnen [&hellip;]\" \/>\n<meta property=\"og:url\" content=\"https:\/\/agriturismoraisc.ch\/de\/ferienwohnungen\/\" \/>\n<meta property=\"og:site_name\" content=\"Agriturismo Raisc\" \/>\n<meta property=\"article:modified_time\" content=\"2026-03-10T17:16:31+00:00\" \/>\n<meta property=\"og:image\" content=\"https:\/\/agriturismoraisc.ch\/wp-content\/uploads\/2025\/07\/download-23.jpg\" \/>\n\t<meta property=\"og:image:width\" content=\"800\" \/>\n\t<meta property=\"og:image:height\" content=\"600\" \/>\n\t<meta property=\"og:image:type\" content=\"image\/jpeg\" \/>\n<meta name=\"twitter:card\" content=\"summary_large_image\" \/>\n<meta name=\"twitter:label1\" content=\"Gesch\u00e4tzte Lesezeit\" \/>\n\t<meta name=\"twitter:data1\" content=\"2\u00a0Minuten\" \/>\n<script type=\"application\/ld+json\" class=\"yoast-schema-graph\">{\"@context\":\"https:\\\/\\\/schema.org\",\"@graph\":[{\"@type\":\"WebPage\",\"@id\":\"https:\\\/\\\/agriturismoraisc.ch\\\/de\\\/ferienwohnungen\\\/\",\"url\":\"https:\\\/\\\/agriturismoraisc.ch\\\/de\\\/ferienwohnungen\\\/\",\"name\":\"Ferienwohnungen - Agriturismo Raisc\",\"isPartOf\":{\"@id\":\"https:\\\/\\\/agriturismoraisc.ch\\\/de\\\/#website\"},\"primaryImageOfPage\":{\"@id\":\"https:\\\/\\\/agriturismoraisc.ch\\\/de\\\/ferienwohnungen\\\/#primaryimage\"},\"image\":{\"@id\":\"https:\\\/\\\/agriturismoraisc.ch\\\/de\\\/ferienwohnungen\\\/#primaryimage\"},\"thumbnailUrl\":\"https:\\\/\\\/agriturismoraisc.ch\\\/wp-content\\\/uploads\\\/2025\\\/07\\\/download-23.jpg\",\"datePublished\":\"2025-07-18T12:30:16+00:00\",\"dateModified\":\"2026-03-10T17:16:31+00:00\",\"breadcrumb\":{\"@id\":\"https:\\\/\\\/agriturismoraisc.ch\\\/de\\\/ferienwohnungen\\\/#breadcrumb\"},\"inLanguage\":\"de\",\"potentialAction\":[{\"@type\":\"ReadAction\",\"target\":[\"https:\\\/\\\/agriturismoraisc.ch\\\/de\\\/ferienwohnungen\\\/\"]}]},{\"@type\":\"ImageObject\",\"inLanguage\":\"de\",\"@id\":\"https:\\\/\\\/agriturismoraisc.ch\\\/de\\\/ferienwohnungen\\\/#primaryimage\",\"url\":\"https:\\\/\\\/agriturismoraisc.ch\\\/wp-content\\\/uploads\\\/2025\\\/07\\\/download-23.jpg\",\"contentUrl\":\"https:\\\/\\\/agriturismoraisc.ch\\\/wp-content\\\/uploads\\\/2025\\\/07\\\/download-23.jpg\"},{\"@type\":\"BreadcrumbList\",\"@id\":\"https:\\\/\\\/agriturismoraisc.ch\\\/de\\\/ferienwohnungen\\\/#breadcrumb\",\"itemListElement\":[{\"@type\":\"ListItem\",\"position\":1,\"name\":\"Home\",\"item\":\"https:\\\/\\\/agriturismoraisc.ch\\\/de\\\/\"},{\"@type\":\"ListItem\",\"position\":2,\"name\":\"Ferienwohnungen\"}]},{\"@type\":\"WebSite\",\"@id\":\"https:\\\/\\\/agriturismoraisc.ch\\\/de\\\/#website\",\"url\":\"https:\\\/\\\/agriturismoraisc.ch\\\/de\\\/\",\"name\":\"Agriturismo Raisc\",\"description\":\"\",\"publisher\":{\"@id\":\"https:\\\/\\\/agriturismoraisc.ch\\\/de\\\/#organization\"},\"potentialAction\":[{\"@type\":\"SearchAction\",\"target\":{\"@type\":\"EntryPoint\",\"urlTemplate\":\"https:\\\/\\\/agriturismoraisc.ch\\\/de\\\/?s={search_term_string}\"},\"query-input\":{\"@type\":\"PropertyValueSpecification\",\"valueRequired\":true,\"valueName\":\"search_term_string\"}}],\"inLanguage\":\"de\"},{\"@type\":\"Organization\",\"@id\":\"https:\\\/\\\/agriturismoraisc.ch\\\/de\\\/#organization\",\"name\":\"Agriturismo Raisc\",\"url\":\"https:\\\/\\\/agriturismoraisc.ch\\\/de\\\/\",\"logo\":{\"@type\":\"ImageObject\",\"inLanguage\":\"de\",\"@id\":\"https:\\\/\\\/agriturismoraisc.ch\\\/de\\\/#\\\/schema\\\/logo\\\/image\\\/\",\"url\":\"https:\\\/\\\/agriturismoraisc.ch\\\/wp-content\\\/uploads\\\/2025\\\/07\\\/raisc-ultimo.jpg\",\"contentUrl\":\"https:\\\/\\\/agriturismoraisc.ch\\\/wp-content\\\/uploads\\\/2025\\\/07\\\/raisc-ultimo.jpg\",\"width\":223,\"height\":83,\"caption\":\"Agriturismo Raisc\"},\"image\":{\"@id\":\"https:\\\/\\\/agriturismoraisc.ch\\\/de\\\/#\\\/schema\\\/logo\\\/image\\\/\"}}]}<\/script>\n<!-- \/ Yoast SEO plugin. -->","yoast_head_json":{"title":"Ferienwohnungen - Agriturismo Raisc","robots":{"index":"index","follow":"follow","max-snippet":"max-snippet:-1","max-image-preview":"max-image-preview:large","max-video-preview":"max-video-preview:-1"},"canonical":"https:\/\/agriturismoraisc.ch\/de\/ferienwohnungen\/","og_locale":"de_DE","og_type":"article","og_title":"Ferienwohnungen - Agriturismo Raisc","og_description":"Die 4 Ferienwohnungen Wir k\u00f6nnen unseren G\u00e4sten 4 Ferienwohnungen mit insgesamt 22 Betten anbieten. Die H\u00e4user \u201edello Zio\u201c und \u201eR\u00fcss\u201c sind das Ergebnis der Sanierung alter, typischer Geb\u00e4ude mit jeweils 7 Betten, w\u00e4hrend die H\u00e4user \u201eMolera\u201c und \u201eStella\u201c fr\u00fcher alte St\u00e4lle waren. Alle H\u00e4user verf\u00fcgen \u00fcber K\u00fcche, Wohnzimmer und Bad mit Dusche\/WC. Unsere G\u00e4ste k\u00f6nnen [&hellip;]","og_url":"https:\/\/agriturismoraisc.ch\/de\/ferienwohnungen\/","og_site_name":"Agriturismo Raisc","article_modified_time":"2026-03-10T17:16:31+00:00","og_image":[{"width":800,"height":600,"url":"https:\/\/agriturismoraisc.ch\/wp-content\/uploads\/2025\/07\/download-23.jpg","type":"image\/jpeg"}],"twitter_card":"summary_large_image","twitter_misc":{"Gesch\u00e4tzte Lesezeit":"2\u00a0Minuten"},"schema":{"@context":"https:\/\/schema.org","@graph":[{"@type":"WebPage","@id":"https:\/\/agriturismoraisc.ch\/de\/ferienwohnungen\/","url":"https:\/\/agriturismoraisc.ch\/de\/ferienwohnungen\/","name":"Ferienwohnungen - Agriturismo Raisc","isPartOf":{"@id":"https:\/\/agriturismoraisc.ch\/de\/#website"},"primaryImageOfPage":{"@id":"https:\/\/agriturismoraisc.ch\/de\/ferienwohnungen\/#primaryimage"},"image":{"@id":"https:\/\/agriturismoraisc.ch\/de\/ferienwohnungen\/#primaryimage"},"thumbnailUrl":"https:\/\/agriturismoraisc.ch\/wp-content\/uploads\/2025\/07\/download-23.jpg","datePublished":"2025-07-18T12:30:16+00:00","dateModified":"2026-03-10T17:16:31+00:00","breadcrumb":{"@id":"https:\/\/agriturismoraisc.ch\/de\/ferienwohnungen\/#breadcrumb"},"inLanguage":"de","potentialAction":[{"@type":"ReadAction","target":["https:\/\/agriturismoraisc.ch\/de\/ferienwohnungen\/"]}]},{"@type":"ImageObject","inLanguage":"de","@id":"https:\/\/agriturismoraisc.ch\/de\/ferienwohnungen\/#primaryimage","url":"https:\/\/agriturismoraisc.ch\/wp-content\/uploads\/2025\/07\/download-23.jpg","contentUrl":"https:\/\/agriturismoraisc.ch\/wp-content\/uploads\/2025\/07\/download-23.jpg"},{"@type":"BreadcrumbList","@id":"https:\/\/agriturismoraisc.ch\/de\/ferienwohnungen\/#breadcrumb","itemListElement":[{"@type":"ListItem","position":1,"name":"Home","item":"https:\/\/agriturismoraisc.ch\/de\/"},{"@type":"ListItem","position":2,"name":"Ferienwohnungen"}]},{"@type":"WebSite","@id":"https:\/\/agriturismoraisc.ch\/de\/#website","url":"https:\/\/agriturismoraisc.ch\/de\/","name":"Agriturismo Raisc","description":"","publisher":{"@id":"https:\/\/agriturismoraisc.ch\/de\/#organization"},"potentialAction":[{"@type":"SearchAction","target":{"@type":"EntryPoint","urlTemplate":"https:\/\/agriturismoraisc.ch\/de\/?s={search_term_string}"},"query-input":{"@type":"PropertyValueSpecification","valueRequired":true,"valueName":"search_term_string"}}],"inLanguage":"de"},{"@type":"Organization","@id":"https:\/\/agriturismoraisc.ch\/de\/#organization","name":"Agriturismo Raisc","url":"https:\/\/agriturismoraisc.ch\/de\/","logo":{"@type":"ImageObject","inLanguage":"de","@id":"https:\/\/agriturismoraisc.ch\/de\/#\/schema\/logo\/image\/","url":"https:\/\/agriturismoraisc.ch\/wp-content\/uploads\/2025\/07\/raisc-ultimo.jpg","contentUrl":"https:\/\/agriturismoraisc.ch\/wp-content\/uploads\/2025\/07\/raisc-ultimo.jpg","width":223,"height":83,"caption":"Agriturismo Raisc"},"image":{"@id":"https:\/\/agriturismoraisc.ch\/de\/#\/schema\/logo\/image\/"}}]}},"_links":{"self":[{"href":"https:\/\/agriturismoraisc.ch\/de\/wp-json\/wp\/v2\/pages\/614","targetHints":{"allow":["GET"]}}],"collection":[{"href":"https:\/\/agriturismoraisc.ch\/de\/wp-json\/wp\/v2\/pages"}],"about":[{"href":"https:\/\/agriturismoraisc.ch\/de\/wp-json\/wp\/v2\/types\/page"}],"author":[{"embeddable":true,"href":"https:\/\/agriturismoraisc.ch\/de\/wp-json\/wp\/v2\/users\/1"}],"replies":[{"embeddable":true,"href":"https:\/\/agriturismoraisc.ch\/de\/wp-json\/wp\/v2\/comments?post=614"}],"version-history":[{"count":7,"href":"https:\/\/agriturismoraisc.ch\/de\/wp-json\/wp\/v2\/pages\/614\/revisions"}],"predecessor-version":[{"id":814,"href":"https:\/\/agriturismoraisc.ch\/de\/wp-json\/wp\/v2\/pages\/614\/revisions\/814"}],"wp:attachment":[{"href":"https:\/\/agriturismoraisc.ch\/de\/wp-json\/wp\/v2\/media?parent=614"}],"curies":[{"name":"wp","href":"https:\/\/api.w.org\/{rel}","templated":true}]}}