{"id":609,"date":"2025-07-18T12:18:14","date_gmt":"2025-07-18T12:18:14","guid":{"rendered":"https:\/\/agriturismoraisc.ch\/offener-garten\/"},"modified":"2026-03-31T15:39:10","modified_gmt":"2026-03-31T15:39:10","slug":"offener-garten","status":"publish","type":"page","link":"https:\/\/agriturismoraisc.ch\/de\/offener-garten\/","title":{"rendered":"Offener Garten"},"content":{"rendered":"\t\t<div data-elementor-type=\"wp-page\" data-elementor-id=\"609\" class=\"elementor elementor-609 elementor-113\" data-elementor-post-type=\"page\">\n\t\t\t\t<div class=\"elementor-element elementor-element-17a4ef7 e-con-full e-flex e-con e-parent\" data-id=\"17a4ef7\" data-element_type=\"container\" data-e-type=\"container\" data-settings=\"{&quot;background_background&quot;:&quot;slideshow&quot;,&quot;background_slideshow_gallery&quot;:[{&quot;id&quot;:610,&quot;url&quot;:&quot;https:\\\/\\\/agriturismoraisc.ch\\\/wp-content\\\/uploads\\\/2025\\\/07\\\/zucche-esposte.jpg&quot;},{&quot;id&quot;:611,&quot;url&quot;:&quot;https:\\\/\\\/agriturismoraisc.ch\\\/wp-content\\\/uploads\\\/2025\\\/07\\\/phlox-e-zinia.jpg&quot;},{&quot;id&quot;:612,&quot;url&quot;:&quot;https:\\\/\\\/agriturismoraisc.ch\\\/wp-content\\\/uploads\\\/2025\\\/07\\\/orto-044.jpg&quot;}],&quot;background_slideshow_slide_duration&quot;:4000,&quot;background_slideshow_lazyload&quot;:&quot;yes&quot;,&quot;background_slideshow_ken_burns&quot;:&quot;yes&quot;,&quot;background_slideshow_loop&quot;:&quot;yes&quot;,&quot;background_slideshow_slide_transition&quot;:&quot;fade&quot;,&quot;background_slideshow_transition_duration&quot;:500,&quot;background_slideshow_ken_burns_zoom_direction&quot;:&quot;in&quot;}\">\n\t\t<div class=\"elementor-element elementor-element-5d4a501 e-con-full e-flex e-con e-child\" data-id=\"5d4a501\" data-element_type=\"container\" data-e-type=\"container\">\n\t\t\t\t<\/div>\n\t\t\t\t<\/div>\n\t\t<div class=\"elementor-element elementor-element-66e07b7 e-flex e-con-boxed e-con e-parent\" data-id=\"66e07b7\" data-element_type=\"container\" data-e-type=\"container\" data-settings=\"{&quot;background_background&quot;:&quot;classic&quot;}\">\n\t\t\t\t\t<div class=\"e-con-inner\">\n\t\t\t\t<div class=\"elementor-element elementor-element-6218c79 elementor-widget elementor-widget-heading\" data-id=\"6218c79\" data-element_type=\"widget\" data-e-type=\"widget\" data-widget_type=\"heading.default\">\n\t\t\t\t\t<h2 class=\"elementor-heading-title elementor-size-default\">Bauerngarten<\/h2>\t\t\t\t<\/div>\n\t\t\t\t\t<\/div>\n\t\t\t\t<\/div>\n\t\t<div class=\"elementor-element elementor-element-34079c1 e-flex e-con-boxed e-con e-parent\" data-id=\"34079c1\" data-element_type=\"container\" data-e-type=\"container\">\n\t\t\t\t\t<div class=\"e-con-inner\">\n\t\t\t\t<div class=\"elementor-element elementor-element-bd4ca43 elementor-widget elementor-widget-text-editor\" data-id=\"bd4ca43\" data-element_type=\"widget\" data-e-type=\"widget\" data-widget_type=\"text-editor.default\">\n\t\t\t\t\t\t\t\t\t<p>Direkt vor dem Mehrzweckraum und den H\u00e4usern R\u00fcss und Zio befindet sich der Garten. G\u00e4ste, Hobbyg\u00e4rtner oder Passanten sind eingeladen, einzutreten und neugierig zu sein. Der Garten liefert uns viele Produkte f\u00fcr die K\u00fcche. Im Fr\u00fchling ist der Schnittlauch der erste, der dem Salat Geschmack verleiht. Dann wachsen Rhabarber, reifen Johannisbeeren, Salate, gr\u00fcne Bohnen, Zuckererbsen, Karotten, Lauch und vieles mehr. Die Blumen bringen Farbe ins Dorf und sind sehr dekorativ auf den Tischen der G\u00e4ste. Hier und da findet man auch die eine oder andere Kuriosit\u00e4t.<\/p>\t\t\t\t\t\t\t\t<\/div>\n\t\t\t\t\t<\/div>\n\t\t\t\t<\/div>\n\t\t<div class=\"elementor-element elementor-element-30d5e86 e-flex e-con-boxed e-con e-parent\" data-id=\"30d5e86\" data-element_type=\"container\" data-e-type=\"container\">\n\t\t\t\t\t<div class=\"e-con-inner\">\n\t\t\t\t<div class=\"elementor-element elementor-element-4e9a0cd elementor-widget elementor-widget-heading\" data-id=\"4e9a0cd\" data-element_type=\"widget\" data-e-type=\"widget\" data-widget_type=\"heading.default\">\n\t\t\t\t\t<h2 class=\"elementor-heading-title elementor-size-default\">Handwerk<\/h2>\t\t\t\t<\/div>\n\t\t\t\t<div class=\"elementor-element elementor-element-0442e17 elementor-widget elementor-widget-text-editor\" data-id=\"0442e17\" data-element_type=\"widget\" data-e-type=\"widget\" data-widget_type=\"text-editor.default\">\n\t\t\t\t\t\t\t\t\t<p>Daniela strickt gerne, wenn sie einen ruhigen Moment findet. Sie stellt Socken in allen Gr\u00f6\u00dfen und Farben her. Sie sind beliebte Souvenirs bei unseren G\u00e4sten&#8230; und sind immer ausverkauft.<\/p><p>Agnes hat gro\u00dfe Lust zu weben. Vor vielen Jahren hat sie dieses Handwerk erlernt und jetzt hat sie in den Wintermonaten wieder angefangen, am Webstuhl zu arbeiten. Seit Fr\u00fchjahr 2022 befinden sich 2 Webst\u00fchle im Webraum. Das gibt uns die M\u00f6glichkeit, jemanden bei den ersten Webkenntnissen zu begleiten.<\/p><p>Im Winter arbeitet Luciano an der Drehbank. Es entstehen Pfeffer-, Salz-und\u00a0 Muskatm\u00fchlen aus regionalem Holz.<\/p><p>Im Mehrzweckraum sind alle handwerklichen Gegenst\u00e4nde zum Verkauf ausgestellt.<\/p>\t\t\t\t\t\t\t\t<\/div>\n\t\t\t\t\t<\/div>\n\t\t\t\t<\/div>\n\t\t\t\t<\/div>\n\t\t","protected":false},"excerpt":{"rendered":"<p>Bauerngarten Direkt vor dem Mehrzweckraum und den H\u00e4usern R\u00fcss und Zio befindet sich der Garten. G\u00e4ste, Hobbyg\u00e4rtner oder Passanten sind eingeladen, einzutreten und neugierig zu sein. Der Garten liefert uns viele Produkte f\u00fcr die K\u00fcche. Im Fr\u00fchling ist der Schnittlauch der erste, der dem Salat Geschmack verleiht. Dann wachsen Rhabarber, reifen Johannisbeeren, Salate, gr\u00fcne Bohnen, [&hellip;]<\/p>\n","protected":false},"author":1,"featured_media":0,"parent":0,"menu_order":0,"comment_status":"closed","ping_status":"closed","template":"","meta":{"footnotes":""},"class_list":["post-609","page","type-page","status-publish","hentry"],"yoast_head":"<!-- This site is optimized with the Yoast SEO plugin v27.4 - https:\/\/yoast.com\/product\/yoast-seo-wordpress\/ -->\n<title>Offener Garten - Agriturismo Raisc<\/title>\n<meta name=\"robots\" content=\"index, follow, max-snippet:-1, max-image-preview:large, max-video-preview:-1\" \/>\n<link rel=\"canonical\" href=\"https:\/\/agriturismoraisc.ch\/de\/offener-garten\/\" \/>\n<meta property=\"og:locale\" content=\"de_DE\" \/>\n<meta property=\"og:type\" content=\"article\" \/>\n<meta property=\"og:title\" content=\"Offener Garten - Agriturismo Raisc\" \/>\n<meta property=\"og:description\" content=\"Bauerngarten Direkt vor dem Mehrzweckraum und den H\u00e4usern R\u00fcss und Zio befindet sich der Garten. G\u00e4ste, Hobbyg\u00e4rtner oder Passanten sind eingeladen, einzutreten und neugierig zu sein. Der Garten liefert uns viele Produkte f\u00fcr die K\u00fcche. Im Fr\u00fchling ist der Schnittlauch der erste, der dem Salat Geschmack verleiht. Dann wachsen Rhabarber, reifen Johannisbeeren, Salate, gr\u00fcne Bohnen, [&hellip;]\" \/>\n<meta property=\"og:url\" content=\"https:\/\/agriturismoraisc.ch\/de\/offener-garten\/\" \/>\n<meta property=\"og:site_name\" content=\"Agriturismo Raisc\" \/>\n<meta property=\"article:modified_time\" content=\"2026-03-31T15:39:10+00:00\" \/>\n<meta name=\"twitter:card\" content=\"summary_large_image\" \/>\n<meta name=\"twitter:label1\" content=\"Gesch\u00e4tzte Lesezeit\" \/>\n\t<meta name=\"twitter:data1\" content=\"2\u00a0Minuten\" \/>\n<script type=\"application\/ld+json\" class=\"yoast-schema-graph\">{\"@context\":\"https:\\\/\\\/schema.org\",\"@graph\":[{\"@type\":\"WebPage\",\"@id\":\"https:\\\/\\\/agriturismoraisc.ch\\\/de\\\/offener-garten\\\/\",\"url\":\"https:\\\/\\\/agriturismoraisc.ch\\\/de\\\/offener-garten\\\/\",\"name\":\"Offener Garten - Agriturismo Raisc\",\"isPartOf\":{\"@id\":\"https:\\\/\\\/agriturismoraisc.ch\\\/de\\\/#website\"},\"datePublished\":\"2025-07-18T12:18:14+00:00\",\"dateModified\":\"2026-03-31T15:39:10+00:00\",\"breadcrumb\":{\"@id\":\"https:\\\/\\\/agriturismoraisc.ch\\\/de\\\/offener-garten\\\/#breadcrumb\"},\"inLanguage\":\"de\",\"potentialAction\":[{\"@type\":\"ReadAction\",\"target\":[\"https:\\\/\\\/agriturismoraisc.ch\\\/de\\\/offener-garten\\\/\"]}]},{\"@type\":\"BreadcrumbList\",\"@id\":\"https:\\\/\\\/agriturismoraisc.ch\\\/de\\\/offener-garten\\\/#breadcrumb\",\"itemListElement\":[{\"@type\":\"ListItem\",\"position\":1,\"name\":\"Home\",\"item\":\"https:\\\/\\\/agriturismoraisc.ch\\\/de\\\/\"},{\"@type\":\"ListItem\",\"position\":2,\"name\":\"Offener Garten\"}]},{\"@type\":\"WebSite\",\"@id\":\"https:\\\/\\\/agriturismoraisc.ch\\\/de\\\/#website\",\"url\":\"https:\\\/\\\/agriturismoraisc.ch\\\/de\\\/\",\"name\":\"Agriturismo Raisc\",\"description\":\"\",\"publisher\":{\"@id\":\"https:\\\/\\\/agriturismoraisc.ch\\\/de\\\/#organization\"},\"potentialAction\":[{\"@type\":\"SearchAction\",\"target\":{\"@type\":\"EntryPoint\",\"urlTemplate\":\"https:\\\/\\\/agriturismoraisc.ch\\\/de\\\/?s={search_term_string}\"},\"query-input\":{\"@type\":\"PropertyValueSpecification\",\"valueRequired\":true,\"valueName\":\"search_term_string\"}}],\"inLanguage\":\"de\"},{\"@type\":\"Organization\",\"@id\":\"https:\\\/\\\/agriturismoraisc.ch\\\/de\\\/#organization\",\"name\":\"Agriturismo Raisc\",\"url\":\"https:\\\/\\\/agriturismoraisc.ch\\\/de\\\/\",\"logo\":{\"@type\":\"ImageObject\",\"inLanguage\":\"de\",\"@id\":\"https:\\\/\\\/agriturismoraisc.ch\\\/de\\\/#\\\/schema\\\/logo\\\/image\\\/\",\"url\":\"https:\\\/\\\/agriturismoraisc.ch\\\/wp-content\\\/uploads\\\/2025\\\/07\\\/raisc-ultimo.jpg\",\"contentUrl\":\"https:\\\/\\\/agriturismoraisc.ch\\\/wp-content\\\/uploads\\\/2025\\\/07\\\/raisc-ultimo.jpg\",\"width\":223,\"height\":83,\"caption\":\"Agriturismo Raisc\"},\"image\":{\"@id\":\"https:\\\/\\\/agriturismoraisc.ch\\\/de\\\/#\\\/schema\\\/logo\\\/image\\\/\"}}]}<\/script>\n<!-- \/ Yoast SEO plugin. -->","yoast_head_json":{"title":"Offener Garten - Agriturismo Raisc","robots":{"index":"index","follow":"follow","max-snippet":"max-snippet:-1","max-image-preview":"max-image-preview:large","max-video-preview":"max-video-preview:-1"},"canonical":"https:\/\/agriturismoraisc.ch\/de\/offener-garten\/","og_locale":"de_DE","og_type":"article","og_title":"Offener Garten - Agriturismo Raisc","og_description":"Bauerngarten Direkt vor dem Mehrzweckraum und den H\u00e4usern R\u00fcss und Zio befindet sich der Garten. G\u00e4ste, Hobbyg\u00e4rtner oder Passanten sind eingeladen, einzutreten und neugierig zu sein. Der Garten liefert uns viele Produkte f\u00fcr die K\u00fcche. Im Fr\u00fchling ist der Schnittlauch der erste, der dem Salat Geschmack verleiht. Dann wachsen Rhabarber, reifen Johannisbeeren, Salate, gr\u00fcne Bohnen, [&hellip;]","og_url":"https:\/\/agriturismoraisc.ch\/de\/offener-garten\/","og_site_name":"Agriturismo Raisc","article_modified_time":"2026-03-31T15:39:10+00:00","twitter_card":"summary_large_image","twitter_misc":{"Gesch\u00e4tzte Lesezeit":"2\u00a0Minuten"},"schema":{"@context":"https:\/\/schema.org","@graph":[{"@type":"WebPage","@id":"https:\/\/agriturismoraisc.ch\/de\/offener-garten\/","url":"https:\/\/agriturismoraisc.ch\/de\/offener-garten\/","name":"Offener Garten - Agriturismo Raisc","isPartOf":{"@id":"https:\/\/agriturismoraisc.ch\/de\/#website"},"datePublished":"2025-07-18T12:18:14+00:00","dateModified":"2026-03-31T15:39:10+00:00","breadcrumb":{"@id":"https:\/\/agriturismoraisc.ch\/de\/offener-garten\/#breadcrumb"},"inLanguage":"de","potentialAction":[{"@type":"ReadAction","target":["https:\/\/agriturismoraisc.ch\/de\/offener-garten\/"]}]},{"@type":"BreadcrumbList","@id":"https:\/\/agriturismoraisc.ch\/de\/offener-garten\/#breadcrumb","itemListElement":[{"@type":"ListItem","position":1,"name":"Home","item":"https:\/\/agriturismoraisc.ch\/de\/"},{"@type":"ListItem","position":2,"name":"Offener Garten"}]},{"@type":"WebSite","@id":"https:\/\/agriturismoraisc.ch\/de\/#website","url":"https:\/\/agriturismoraisc.ch\/de\/","name":"Agriturismo Raisc","description":"","publisher":{"@id":"https:\/\/agriturismoraisc.ch\/de\/#organization"},"potentialAction":[{"@type":"SearchAction","target":{"@type":"EntryPoint","urlTemplate":"https:\/\/agriturismoraisc.ch\/de\/?s={search_term_string}"},"query-input":{"@type":"PropertyValueSpecification","valueRequired":true,"valueName":"search_term_string"}}],"inLanguage":"de"},{"@type":"Organization","@id":"https:\/\/agriturismoraisc.ch\/de\/#organization","name":"Agriturismo Raisc","url":"https:\/\/agriturismoraisc.ch\/de\/","logo":{"@type":"ImageObject","inLanguage":"de","@id":"https:\/\/agriturismoraisc.ch\/de\/#\/schema\/logo\/image\/","url":"https:\/\/agriturismoraisc.ch\/wp-content\/uploads\/2025\/07\/raisc-ultimo.jpg","contentUrl":"https:\/\/agriturismoraisc.ch\/wp-content\/uploads\/2025\/07\/raisc-ultimo.jpg","width":223,"height":83,"caption":"Agriturismo Raisc"},"image":{"@id":"https:\/\/agriturismoraisc.ch\/de\/#\/schema\/logo\/image\/"}}]}},"_links":{"self":[{"href":"https:\/\/agriturismoraisc.ch\/de\/wp-json\/wp\/v2\/pages\/609","targetHints":{"allow":["GET"]}}],"collection":[{"href":"https:\/\/agriturismoraisc.ch\/de\/wp-json\/wp\/v2\/pages"}],"about":[{"href":"https:\/\/agriturismoraisc.ch\/de\/wp-json\/wp\/v2\/types\/page"}],"author":[{"embeddable":true,"href":"https:\/\/agriturismoraisc.ch\/de\/wp-json\/wp\/v2\/users\/1"}],"replies":[{"embeddable":true,"href":"https:\/\/agriturismoraisc.ch\/de\/wp-json\/wp\/v2\/comments?post=609"}],"version-history":[{"count":10,"href":"https:\/\/agriturismoraisc.ch\/de\/wp-json\/wp\/v2\/pages\/609\/revisions"}],"predecessor-version":[{"id":870,"href":"https:\/\/agriturismoraisc.ch\/de\/wp-json\/wp\/v2\/pages\/609\/revisions\/870"}],"wp:attachment":[{"href":"https:\/\/agriturismoraisc.ch\/de\/wp-json\/wp\/v2\/media?parent=609"}],"curies":[{"name":"wp","href":"https:\/\/api.w.org\/{rel}","templated":true}]}}