{"id":597,"date":"2025-09-01T14:10:41","date_gmt":"2025-09-01T14:10:41","guid":{"rendered":"https:\/\/agriturismoraisc.ch\/wanderungen\/"},"modified":"2026-03-10T17:33:17","modified_gmt":"2026-03-10T17:33:17","slug":"wanderungen","status":"publish","type":"page","link":"https:\/\/agriturismoraisc.ch\/de\/wanderungen\/","title":{"rendered":"Wanderungen"},"content":{"rendered":"\t\t<div data-elementor-type=\"wp-page\" data-elementor-id=\"597\" class=\"elementor elementor-597 elementor-423\" data-elementor-post-type=\"page\">\n\t\t\t\t<div class=\"elementor-element elementor-element-472e5ba e-con-full e-flex e-con e-parent\" data-id=\"472e5ba\" data-element_type=\"container\" data-e-type=\"container\" data-settings=\"{&quot;background_background&quot;:&quot;classic&quot;}\">\n\t\t<div class=\"elementor-element elementor-element-f581eb8 e-con-full e-flex e-con e-child\" data-id=\"f581eb8\" data-element_type=\"container\" data-e-type=\"container\">\n\t\t\t\t<\/div>\n\t\t\t\t<\/div>\n\t\t<div class=\"elementor-element elementor-element-a076219 e-flex e-con-boxed e-con e-parent\" data-id=\"a076219\" data-element_type=\"container\" data-e-type=\"container\" data-settings=\"{&quot;background_background&quot;:&quot;classic&quot;}\">\n\t\t\t\t\t<div class=\"e-con-inner\">\n\t\t\t\t<div class=\"elementor-element elementor-element-25ddce3 elementor-widget elementor-widget-heading\" data-id=\"25ddce3\" data-element_type=\"widget\" data-e-type=\"widget\" data-widget_type=\"heading.default\">\n\t\t\t\t\t<h2 class=\"elementor-heading-title elementor-size-default\">Wanderungen<\/h2>\t\t\t\t<\/div>\n\t\t\t\t\t<\/div>\n\t\t\t\t<\/div>\n\t\t<div class=\"elementor-element elementor-element-5b5942f e-flex e-con-boxed e-con e-parent\" data-id=\"5b5942f\" data-element_type=\"container\" data-e-type=\"container\">\n\t\t\t\t\t<div class=\"e-con-inner\">\n\t\t\t\t<div class=\"elementor-element elementor-element-329e4ed elementor-widget elementor-widget-text-editor\" data-id=\"329e4ed\" data-element_type=\"widget\" data-e-type=\"widget\" data-widget_type=\"text-editor.default\">\n\t\t\t\t\t\t\t\t\t<p>Von Braggio aus starten verschiedene Wanderungen mit unterschiedlichen Schwierigkeitsgraden:<\/p><p>&#8211; Braggio \u2013 St. Antonio di Bolada \u2013 St. Maria<\/p><p>&#8211; Braggio \u2013 Pian di Renten \u2013 St. Maria<\/p><p>&#8211; Braggio \u2013 Mondent \u2013 B\u00f6cc di Setel \u2013 H\u00f6henweg \u2013 Buffalora \u2013 San Bernardino<\/p><p>&#8211; Braggio \u2013 Bersacc \u2013 Cauco<\/p><p>&#8211; Braggio \u2013 Bersacc \u2013 Selma \u2013 Landarenca \u2013 Arvigo<\/p><p>&#8211; Via Calanca, von Nadro im Talboden bis nach Rossa<\/p><p>&#8211; Buseno \u2013 San Carlo \u2013 Giova<\/p><p>Eine einfache Wanderung beginnt im Dorf Braggio und f\u00fchrt durch alle Wiesen und L\u00e4rchenw\u00e4lder oberhalb des Dorfes, um dann wieder ins Dorf zur\u00fcckzukehren.<\/p>\t\t\t\t\t\t\t\t<\/div>\n\t\t\t\t\t<\/div>\n\t\t\t\t<\/div>\n\t\t<div class=\"elementor-element elementor-element-afaf432 e-flex e-con-boxed e-con e-parent\" data-id=\"afaf432\" data-element_type=\"container\" data-e-type=\"container\" data-settings=\"{&quot;background_background&quot;:&quot;classic&quot;}\">\n\t\t\t\t\t<div class=\"e-con-inner\">\n\t\t\t\t<div class=\"elementor-element elementor-element-317bdb2 elementor-widget elementor-widget-heading\" data-id=\"317bdb2\" data-element_type=\"widget\" data-e-type=\"widget\" data-widget_type=\"heading.default\">\n\t\t\t\t\t<h2 class=\"elementor-heading-title elementor-size-default\">Die Kultur<\/h2>\t\t\t\t<\/div>\n\t\t\t\t\t<\/div>\n\t\t\t\t<\/div>\n\t\t<div class=\"elementor-element elementor-element-8f1539b e-flex e-con-boxed e-con e-parent\" data-id=\"8f1539b\" data-element_type=\"container\" data-e-type=\"container\">\n\t\t\t\t\t<div class=\"e-con-inner\">\n\t\t\t\t<div class=\"elementor-element elementor-element-ee10ee3 elementor-widget elementor-widget-text-editor\" data-id=\"ee10ee3\" data-element_type=\"widget\" data-e-type=\"widget\" data-widget_type=\"text-editor.default\">\n\t\t\t\t\t\t\t\t\t<p>Die Barockkirchen St. Domenica und Sta. Maria sind einen Besuch wert.<\/p><p>Vom mittelalterlichen Turm von Sta. Maria genie\u00dft man eine wundersch\u00f6ne Aussicht auf das Misox und die \u00e4u\u00dfere Calanca.<\/p><p>Im Kulturzentrum \u201ela Cascata\u201c in Augio werden das ganze Jahr \u00fcber verschiedene kulturelle Veranstaltungen pr\u00e4sentiert <a href=\"http:\/\/www.lacascata.ch\/\">www.lacascata.ch<\/a>.<\/p><p>Alle drei Jahre findet im Calancatal das Demenga Festival statt. Die Familie Demenga, alles Musiker und K\u00fcnstler, hat ihre Urspr\u00fcnge in Calanca. Eine Woche lang spielen die Demenga-Interpreten zusammen mit anderen exzellenten K\u00fcnstlern von internationalem Rang klassische und zeitgen\u00f6ssische Musik in Kirchen und anderen geeigneten R\u00e4umlichkeiten. Eine Veranstaltung, die immer mehr G\u00e4ste und Musikliebhaber anzieht. <a href=\"http:\/\/www.festivaldemenga.ch\/\">www.festivaldemenga.ch<\/a><\/p><p>In Cauco befinden sich der Infopoint und der alte Postladen. Hier gibt es Handwerksartikel, Lebensmittel, Getr\u00e4nke, Eis und viele Informationen \u00fcber das Calancatal.<\/p><p>Ebenfalls in Cauco befindet sich das Regionalarchiv Calanca, wo man Nachforschungen anstellen und interessante Informationen \u00fcber die Geschichte des Calancatals finden kann. Die Bibliothek und ein Gro\u00dfteil der Dokumente und Schriften sind \u00fcber ein elektronisches Programm \u00f6ffentlich zug\u00e4nglich. <a href=\"http:\/\/www.archivioregionalecalanca.ch\/\">www.archivioregionalecalanca.ch<\/a><\/p><p>Reiten in Sta. Maria<\/p><p>Bei Angela Pollicelli besteht die M\u00f6glichkeit, Reitstunden f\u00fcr Kinder und Jugendliche von Oktober bis Mai zu nehmen. Weitere Informationen unter 079 672 92 52.<\/p>\t\t\t\t\t\t\t\t<\/div>\n\t\t\t\t\t<\/div>\n\t\t\t\t<\/div>\n\t\t\t\t<\/div>\n\t\t","protected":false},"excerpt":{"rendered":"<p>Wanderungen Von Braggio aus starten verschiedene Wanderungen mit unterschiedlichen Schwierigkeitsgraden: &#8211; Braggio \u2013 St. Antonio di Bolada \u2013 St. Maria &#8211; Braggio \u2013 Pian di Renten \u2013 St. Maria &#8211; Braggio \u2013 Mondent \u2013 B\u00f6cc di Setel \u2013 H\u00f6henweg \u2013 Buffalora \u2013 San Bernardino &#8211; Braggio \u2013 Bersacc \u2013 Cauco &#8211; Braggio \u2013 Bersacc \u2013 [&hellip;]<\/p>\n","protected":false},"author":1,"featured_media":0,"parent":0,"menu_order":0,"comment_status":"closed","ping_status":"closed","template":"","meta":{"footnotes":""},"class_list":["post-597","page","type-page","status-publish","hentry"],"yoast_head":"<!-- This site is optimized with the Yoast SEO plugin v27.4 - https:\/\/yoast.com\/product\/yoast-seo-wordpress\/ -->\n<title>Wanderungen - Agriturismo Raisc<\/title>\n<meta name=\"robots\" content=\"index, follow, max-snippet:-1, max-image-preview:large, max-video-preview:-1\" \/>\n<link rel=\"canonical\" href=\"https:\/\/agriturismoraisc.ch\/de\/wanderungen\/\" \/>\n<meta property=\"og:locale\" content=\"de_DE\" \/>\n<meta property=\"og:type\" content=\"article\" \/>\n<meta property=\"og:title\" content=\"Wanderungen - Agriturismo Raisc\" \/>\n<meta property=\"og:description\" content=\"Wanderungen Von Braggio aus starten verschiedene Wanderungen mit unterschiedlichen Schwierigkeitsgraden: &#8211; Braggio \u2013 St. Antonio di Bolada \u2013 St. Maria &#8211; Braggio \u2013 Pian di Renten \u2013 St. Maria &#8211; Braggio \u2013 Mondent \u2013 B\u00f6cc di Setel \u2013 H\u00f6henweg \u2013 Buffalora \u2013 San Bernardino &#8211; Braggio \u2013 Bersacc \u2013 Cauco &#8211; Braggio \u2013 Bersacc \u2013 [&hellip;]\" \/>\n<meta property=\"og:url\" content=\"https:\/\/agriturismoraisc.ch\/de\/wanderungen\/\" \/>\n<meta property=\"og:site_name\" content=\"Agriturismo Raisc\" \/>\n<meta property=\"article:modified_time\" content=\"2026-03-10T17:33:17+00:00\" \/>\n<meta name=\"twitter:card\" content=\"summary_large_image\" \/>\n<meta name=\"twitter:label1\" content=\"Gesch\u00e4tzte Lesezeit\" \/>\n\t<meta name=\"twitter:data1\" content=\"2\u00a0Minuten\" \/>\n<script type=\"application\/ld+json\" class=\"yoast-schema-graph\">{\"@context\":\"https:\\\/\\\/schema.org\",\"@graph\":[{\"@type\":\"WebPage\",\"@id\":\"https:\\\/\\\/agriturismoraisc.ch\\\/de\\\/wanderungen\\\/\",\"url\":\"https:\\\/\\\/agriturismoraisc.ch\\\/de\\\/wanderungen\\\/\",\"name\":\"Wanderungen - Agriturismo Raisc\",\"isPartOf\":{\"@id\":\"https:\\\/\\\/agriturismoraisc.ch\\\/de\\\/#website\"},\"datePublished\":\"2025-09-01T14:10:41+00:00\",\"dateModified\":\"2026-03-10T17:33:17+00:00\",\"breadcrumb\":{\"@id\":\"https:\\\/\\\/agriturismoraisc.ch\\\/de\\\/wanderungen\\\/#breadcrumb\"},\"inLanguage\":\"de\",\"potentialAction\":[{\"@type\":\"ReadAction\",\"target\":[\"https:\\\/\\\/agriturismoraisc.ch\\\/de\\\/wanderungen\\\/\"]}]},{\"@type\":\"BreadcrumbList\",\"@id\":\"https:\\\/\\\/agriturismoraisc.ch\\\/de\\\/wanderungen\\\/#breadcrumb\",\"itemListElement\":[{\"@type\":\"ListItem\",\"position\":1,\"name\":\"Home\",\"item\":\"https:\\\/\\\/agriturismoraisc.ch\\\/de\\\/\"},{\"@type\":\"ListItem\",\"position\":2,\"name\":\"Wanderungen\"}]},{\"@type\":\"WebSite\",\"@id\":\"https:\\\/\\\/agriturismoraisc.ch\\\/de\\\/#website\",\"url\":\"https:\\\/\\\/agriturismoraisc.ch\\\/de\\\/\",\"name\":\"Agriturismo Raisc\",\"description\":\"\",\"publisher\":{\"@id\":\"https:\\\/\\\/agriturismoraisc.ch\\\/de\\\/#organization\"},\"potentialAction\":[{\"@type\":\"SearchAction\",\"target\":{\"@type\":\"EntryPoint\",\"urlTemplate\":\"https:\\\/\\\/agriturismoraisc.ch\\\/de\\\/?s={search_term_string}\"},\"query-input\":{\"@type\":\"PropertyValueSpecification\",\"valueRequired\":true,\"valueName\":\"search_term_string\"}}],\"inLanguage\":\"de\"},{\"@type\":\"Organization\",\"@id\":\"https:\\\/\\\/agriturismoraisc.ch\\\/de\\\/#organization\",\"name\":\"Agriturismo Raisc\",\"url\":\"https:\\\/\\\/agriturismoraisc.ch\\\/de\\\/\",\"logo\":{\"@type\":\"ImageObject\",\"inLanguage\":\"de\",\"@id\":\"https:\\\/\\\/agriturismoraisc.ch\\\/de\\\/#\\\/schema\\\/logo\\\/image\\\/\",\"url\":\"https:\\\/\\\/agriturismoraisc.ch\\\/wp-content\\\/uploads\\\/2025\\\/07\\\/raisc-ultimo.jpg\",\"contentUrl\":\"https:\\\/\\\/agriturismoraisc.ch\\\/wp-content\\\/uploads\\\/2025\\\/07\\\/raisc-ultimo.jpg\",\"width\":223,\"height\":83,\"caption\":\"Agriturismo Raisc\"},\"image\":{\"@id\":\"https:\\\/\\\/agriturismoraisc.ch\\\/de\\\/#\\\/schema\\\/logo\\\/image\\\/\"}}]}<\/script>\n<!-- \/ Yoast SEO plugin. -->","yoast_head_json":{"title":"Wanderungen - Agriturismo Raisc","robots":{"index":"index","follow":"follow","max-snippet":"max-snippet:-1","max-image-preview":"max-image-preview:large","max-video-preview":"max-video-preview:-1"},"canonical":"https:\/\/agriturismoraisc.ch\/de\/wanderungen\/","og_locale":"de_DE","og_type":"article","og_title":"Wanderungen - Agriturismo Raisc","og_description":"Wanderungen Von Braggio aus starten verschiedene Wanderungen mit unterschiedlichen Schwierigkeitsgraden: &#8211; Braggio \u2013 St. Antonio di Bolada \u2013 St. Maria &#8211; Braggio \u2013 Pian di Renten \u2013 St. Maria &#8211; Braggio \u2013 Mondent \u2013 B\u00f6cc di Setel \u2013 H\u00f6henweg \u2013 Buffalora \u2013 San Bernardino &#8211; Braggio \u2013 Bersacc \u2013 Cauco &#8211; Braggio \u2013 Bersacc \u2013 [&hellip;]","og_url":"https:\/\/agriturismoraisc.ch\/de\/wanderungen\/","og_site_name":"Agriturismo Raisc","article_modified_time":"2026-03-10T17:33:17+00:00","twitter_card":"summary_large_image","twitter_misc":{"Gesch\u00e4tzte Lesezeit":"2\u00a0Minuten"},"schema":{"@context":"https:\/\/schema.org","@graph":[{"@type":"WebPage","@id":"https:\/\/agriturismoraisc.ch\/de\/wanderungen\/","url":"https:\/\/agriturismoraisc.ch\/de\/wanderungen\/","name":"Wanderungen - Agriturismo Raisc","isPartOf":{"@id":"https:\/\/agriturismoraisc.ch\/de\/#website"},"datePublished":"2025-09-01T14:10:41+00:00","dateModified":"2026-03-10T17:33:17+00:00","breadcrumb":{"@id":"https:\/\/agriturismoraisc.ch\/de\/wanderungen\/#breadcrumb"},"inLanguage":"de","potentialAction":[{"@type":"ReadAction","target":["https:\/\/agriturismoraisc.ch\/de\/wanderungen\/"]}]},{"@type":"BreadcrumbList","@id":"https:\/\/agriturismoraisc.ch\/de\/wanderungen\/#breadcrumb","itemListElement":[{"@type":"ListItem","position":1,"name":"Home","item":"https:\/\/agriturismoraisc.ch\/de\/"},{"@type":"ListItem","position":2,"name":"Wanderungen"}]},{"@type":"WebSite","@id":"https:\/\/agriturismoraisc.ch\/de\/#website","url":"https:\/\/agriturismoraisc.ch\/de\/","name":"Agriturismo Raisc","description":"","publisher":{"@id":"https:\/\/agriturismoraisc.ch\/de\/#organization"},"potentialAction":[{"@type":"SearchAction","target":{"@type":"EntryPoint","urlTemplate":"https:\/\/agriturismoraisc.ch\/de\/?s={search_term_string}"},"query-input":{"@type":"PropertyValueSpecification","valueRequired":true,"valueName":"search_term_string"}}],"inLanguage":"de"},{"@type":"Organization","@id":"https:\/\/agriturismoraisc.ch\/de\/#organization","name":"Agriturismo Raisc","url":"https:\/\/agriturismoraisc.ch\/de\/","logo":{"@type":"ImageObject","inLanguage":"de","@id":"https:\/\/agriturismoraisc.ch\/de\/#\/schema\/logo\/image\/","url":"https:\/\/agriturismoraisc.ch\/wp-content\/uploads\/2025\/07\/raisc-ultimo.jpg","contentUrl":"https:\/\/agriturismoraisc.ch\/wp-content\/uploads\/2025\/07\/raisc-ultimo.jpg","width":223,"height":83,"caption":"Agriturismo Raisc"},"image":{"@id":"https:\/\/agriturismoraisc.ch\/de\/#\/schema\/logo\/image\/"}}]}},"_links":{"self":[{"href":"https:\/\/agriturismoraisc.ch\/de\/wp-json\/wp\/v2\/pages\/597","targetHints":{"allow":["GET"]}}],"collection":[{"href":"https:\/\/agriturismoraisc.ch\/de\/wp-json\/wp\/v2\/pages"}],"about":[{"href":"https:\/\/agriturismoraisc.ch\/de\/wp-json\/wp\/v2\/types\/page"}],"author":[{"embeddable":true,"href":"https:\/\/agriturismoraisc.ch\/de\/wp-json\/wp\/v2\/users\/1"}],"replies":[{"embeddable":true,"href":"https:\/\/agriturismoraisc.ch\/de\/wp-json\/wp\/v2\/comments?post=597"}],"version-history":[{"count":4,"href":"https:\/\/agriturismoraisc.ch\/de\/wp-json\/wp\/v2\/pages\/597\/revisions"}],"predecessor-version":[{"id":834,"href":"https:\/\/agriturismoraisc.ch\/de\/wp-json\/wp\/v2\/pages\/597\/revisions\/834"}],"wp:attachment":[{"href":"https:\/\/agriturismoraisc.ch\/de\/wp-json\/wp\/v2\/media?parent=597"}],"curies":[{"name":"wp","href":"https:\/\/api.w.org\/{rel}","templated":true}]}}