{"id":592,"date":"2025-07-21T07:27:50","date_gmt":"2025-07-21T07:27:50","guid":{"rendered":"https:\/\/agriturismoraisc.ch\/haus-stella\/"},"modified":"2026-03-10T17:27:00","modified_gmt":"2026-03-10T17:27:00","slug":"casa-stella","status":"publish","type":"page","link":"https:\/\/agriturismoraisc.ch\/de\/casa-stella\/","title":{"rendered":"Casa Stella"},"content":{"rendered":"\t\t<div data-elementor-type=\"wp-page\" data-elementor-id=\"592\" class=\"elementor elementor-592 elementor-370\" data-elementor-post-type=\"page\">\n\t\t\t\t<div class=\"elementor-element elementor-element-a9cd6cf e-con-full e-flex e-con e-parent\" data-id=\"a9cd6cf\" data-element_type=\"container\" data-e-type=\"container\" data-settings=\"{&quot;background_background&quot;:&quot;slideshow&quot;,&quot;background_slideshow_slide_duration&quot;:4000,&quot;background_slideshow_lazyload&quot;:&quot;yes&quot;,&quot;background_slideshow_ken_burns&quot;:&quot;yes&quot;,&quot;background_slideshow_gallery&quot;:[],&quot;background_slideshow_loop&quot;:&quot;yes&quot;,&quot;background_slideshow_slide_transition&quot;:&quot;fade&quot;,&quot;background_slideshow_transition_duration&quot;:500,&quot;background_slideshow_ken_burns_zoom_direction&quot;:&quot;in&quot;}\">\n\t\t<div class=\"elementor-element elementor-element-7ca956d e-con-full e-flex e-con e-child\" data-id=\"7ca956d\" data-element_type=\"container\" data-e-type=\"container\">\n\t\t\t\t<div class=\"elementor-element elementor-element-e24dd30 elementor-skin-slideshow elementor-arrows-yes elementor-widget elementor-widget-media-carousel\" data-id=\"e24dd30\" data-element_type=\"widget\" data-e-type=\"widget\" data-settings=\"{&quot;skin&quot;:&quot;slideshow&quot;,&quot;centered_slides&quot;:&quot;yes&quot;,&quot;effect&quot;:&quot;slide&quot;,&quot;show_arrows&quot;:&quot;yes&quot;,&quot;speed&quot;:500,&quot;autoplay&quot;:&quot;yes&quot;,&quot;autoplay_speed&quot;:5000,&quot;loop&quot;:&quot;yes&quot;,&quot;pause_on_hover&quot;:&quot;yes&quot;,&quot;pause_on_interaction&quot;:&quot;yes&quot;,&quot;space_between&quot;:{&quot;unit&quot;:&quot;px&quot;,&quot;size&quot;:10,&quot;sizes&quot;:[]},&quot;space_between_tablet&quot;:{&quot;unit&quot;:&quot;px&quot;,&quot;size&quot;:10,&quot;sizes&quot;:[]},&quot;space_between_mobile&quot;:{&quot;unit&quot;:&quot;px&quot;,&quot;size&quot;:10,&quot;sizes&quot;:[]}}\" data-widget_type=\"media-carousel.default\">\n\t\t\t\t\t\t\t\t\t\t<div class=\"elementor-main-swiper swiper\" role=\"region\" aria-roledescription=\"carousel\" aria-label=\"Slides\">\n\t\t\t\t<div class=\"swiper-wrapper\">\n\t\t\t\t\t\t\t\t\t\t\t<div class=\"swiper-slide\" role=\"group\" aria-roledescription=\"slide\">\n\t\t\t\t\t\t\t\t\t<div class=\"elementor-carousel-image\" role=\"img\" aria-label=\"download-22\" style=\"background-image: url(&#039;https:\/\/agriturismoraisc.ch\/wp-content\/uploads\/2025\/07\/download-22-1.jpg&#039;)\">\n\n\t\t\t\n\t\t\t\t\t<\/div>\n\t\t\t\t\t\t\t\t<\/div>\n\t\t\t\t\t\t\t\t\t\t\t<div class=\"swiper-slide\" role=\"group\" aria-roledescription=\"slide\">\n\t\t\t\t\t\t\t\t\t<div class=\"elementor-carousel-image\" role=\"img\" aria-label=\"download-1\" style=\"background-image: url(&#039;https:\/\/agriturismoraisc.ch\/wp-content\/uploads\/2025\/07\/download-1.jpg&#039;)\">\n\n\t\t\t\n\t\t\t\t\t<\/div>\n\t\t\t\t\t\t\t\t<\/div>\n\t\t\t\t\t\t\t\t\t\t\t<div class=\"swiper-slide\" role=\"group\" aria-roledescription=\"slide\">\n\t\t\t\t\t\t\t\t\t<div class=\"elementor-carousel-image\" role=\"img\" aria-label=\"download2\" style=\"background-image: url(&#039;https:\/\/agriturismoraisc.ch\/wp-content\/uploads\/2025\/07\/download2.jpg&#039;)\">\n\n\t\t\t\n\t\t\t\t\t<\/div>\n\t\t\t\t\t\t\t\t<\/div>\n\t\t\t\t\t\t\t\t\t<\/div>\n\t\t\t\t\t\t\t\t\t\t\t\t\t\t\t<div class=\"elementor-swiper-button elementor-swiper-button-prev\" role=\"button\" tabindex=\"0\" aria-label=\"Voriger\">\n\t\t\t\t\t\t\t<svg aria-hidden=\"true\" class=\"e-font-icon-svg e-eicon-chevron-left\" viewBox=\"0 0 1000 1000\" xmlns=\"http:\/\/www.w3.org\/2000\/svg\"><path d=\"M646 125C629 125 613 133 604 142L308 442C296 454 292 471 292 487 292 504 296 521 308 533L604 854C617 867 629 875 646 875 663 875 679 871 692 858 704 846 713 829 713 812 713 796 708 779 692 767L438 487 692 225C700 217 708 204 708 187 708 171 704 154 692 142 675 129 663 125 646 125Z\"><\/path><\/svg>\t\t\t\t\t\t<\/div>\n\t\t\t\t\t\t<div class=\"elementor-swiper-button elementor-swiper-button-next\" role=\"button\" tabindex=\"0\" aria-label=\"N\u00e4chster\">\n\t\t\t\t\t\t\t<svg aria-hidden=\"true\" class=\"e-font-icon-svg e-eicon-chevron-right\" viewBox=\"0 0 1000 1000\" xmlns=\"http:\/\/www.w3.org\/2000\/svg\"><path d=\"M696 533C708 521 713 504 713 487 713 471 708 454 696 446L400 146C388 133 375 125 354 125 338 125 325 129 313 142 300 154 292 171 292 187 292 204 296 221 308 233L563 492 304 771C292 783 288 800 288 817 288 833 296 850 308 863 321 871 338 875 354 875 371 875 388 867 400 854L696 533Z\"><\/path><\/svg>\t\t\t\t\t\t<\/div>\n\t\t\t\t\t\t\t\t\t\t\t\t\t\t\t\t\t<\/div>\n\t\t\t\t\t\t\t\t\t<div class=\"elementor-main-swiper swiper elementor-thumbnails-swiper swiper\" role=\"region region\" aria-roledescription=\"carousel carousel\" aria-label=\"Slides Slides\">\n\t\t\t\t<div class=\"swiper-wrapper\">\n\t\t\t\t\t\t\t\t\t\t\t<div class=\"swiper-slide\" role=\"group\" aria-roledescription=\"slide\">\n\t\t\t\t\t\t\t\t\t<div class=\"elementor-carousel-image\" role=\"img\" aria-label=\"download-22\" style=\"background-image: url(&#039;https:\/\/agriturismoraisc.ch\/wp-content\/uploads\/2025\/07\/download-22-1.jpg&#039;)\">\n\n\t\t\t\n\t\t\t\t\t<\/div>\n\t\t\t\t\t\t\t\t<\/div>\n\t\t\t\t\t\t\t\t\t\t\t<div class=\"swiper-slide\" role=\"group\" aria-roledescription=\"slide\">\n\t\t\t\t\t\t\t\t\t<div class=\"elementor-carousel-image\" role=\"img\" aria-label=\"download-1\" style=\"background-image: url(&#039;https:\/\/agriturismoraisc.ch\/wp-content\/uploads\/2025\/07\/download-1.jpg&#039;)\">\n\n\t\t\t\n\t\t\t\t\t<\/div>\n\t\t\t\t\t\t\t\t<\/div>\n\t\t\t\t\t\t\t\t\t\t\t<div class=\"swiper-slide\" role=\"group\" aria-roledescription=\"slide\">\n\t\t\t\t\t\t\t\t\t<div class=\"elementor-carousel-image\" role=\"img\" aria-label=\"download2\" style=\"background-image: url(&#039;https:\/\/agriturismoraisc.ch\/wp-content\/uploads\/2025\/07\/download2.jpg&#039;)\">\n\n\t\t\t\n\t\t\t\t\t<\/div>\n\t\t\t\t\t\t\t\t<\/div>\n\t\t\t\t\t\t\t\t\t<\/div>\n\t\t\t\t\t\t\t\t\t\t\t\t\t\t\t\t\t\t\t\t\t<\/div>\n\t\t\t\t\t\t\t\t<\/div>\n\t\t\t\t<\/div>\n\t\t\t\t<\/div>\n\t\t<div class=\"elementor-element elementor-element-014db63 e-flex e-con-boxed e-con e-parent\" data-id=\"014db63\" data-element_type=\"container\" data-e-type=\"container\" data-settings=\"{&quot;background_background&quot;:&quot;classic&quot;}\">\n\t\t\t\t\t<div class=\"e-con-inner\">\n\t\t\t\t<div class=\"elementor-element elementor-element-380886b elementor-widget elementor-widget-heading\" data-id=\"380886b\" data-element_type=\"widget\" data-e-type=\"widget\" data-widget_type=\"heading.default\">\n\t\t\t\t\t<h2 class=\"elementor-heading-title elementor-size-default\">Casa Stella<\/h2>\t\t\t\t<\/div>\n\t\t\t\t\t<\/div>\n\t\t\t\t<\/div>\n\t\t<div class=\"elementor-element elementor-element-b06b654 e-flex e-con-boxed e-con e-parent\" data-id=\"b06b654\" data-element_type=\"container\" data-e-type=\"container\">\n\t\t\t\t\t<div class=\"e-con-inner\">\n\t\t\t\t<div class=\"elementor-element elementor-element-ec8c56e elementor-icon-list--layout-traditional elementor-list-item-link-full_width elementor-widget elementor-widget-icon-list\" data-id=\"ec8c56e\" data-element_type=\"widget\" data-e-type=\"widget\" data-widget_type=\"icon-list.default\">\n\t\t\t\t\t\t\t<ul class=\"elementor-icon-list-items\">\n\t\t\t\t\t\t\t<li class=\"elementor-icon-list-item\">\n\t\t\t\t\t\t\t\t\t\t\t<span class=\"elementor-icon-list-icon\">\n\t\t\t\t\t\t\t<svg aria-hidden=\"true\" class=\"e-font-icon-svg e-far-user\" viewBox=\"0 0 448 512\" xmlns=\"http:\/\/www.w3.org\/2000\/svg\"><path d=\"M313.6 304c-28.7 0-42.5 16-89.6 16-47.1 0-60.8-16-89.6-16C60.2 304 0 364.2 0 438.4V464c0 26.5 21.5 48 48 48h352c26.5 0 48-21.5 48-48v-25.6c0-74.2-60.2-134.4-134.4-134.4zM400 464H48v-25.6c0-47.6 38.8-86.4 86.4-86.4 14.6 0 38.3 16 89.6 16 51.7 0 74.9-16 89.6-16 47.6 0 86.4 38.8 86.4 86.4V464zM224 288c79.5 0 144-64.5 144-144S303.5 0 224 0 80 64.5 80 144s64.5 144 144 144zm0-240c52.9 0 96 43.1 96 96s-43.1 96-96 96-96-43.1-96-96 43.1-96 96-96z\"><\/path><\/svg>\t\t\t\t\t\t<\/span>\n\t\t\t\t\t\t\t\t\t\t<span class=\"elementor-icon-list-text\">3-4 Personen<\/span>\n\t\t\t\t\t\t\t\t\t<\/li>\n\t\t\t\t\t\t<\/ul>\n\t\t\t\t\t\t<\/div>\n\t\t\t\t<div class=\"elementor-element elementor-element-af2449e elementor-widget elementor-widget-text-editor\" data-id=\"af2449e\" data-element_type=\"widget\" data-e-type=\"widget\" data-widget_type=\"text-editor.default\">\n\t\t\t\t\t\t\t\t\t<p>Das Haus \u201eStella\u201c war fr\u00fcher ein kleiner Stall mitten im Weiler Stabbio. Bereits vor vielen Jahren wurde es in ein kleines, kompaktes Ferienhaus umgewandelt. Auf einer bescheidenen Fl\u00e4che, aber auf zwei Etagen, bietet es allen Komfort f\u00fcr drei Personen.<\/p><p>Im Erdgeschoss befinden sich in einem einzigen Raum die K\u00fcche, das Wohnzimmer und das Esszimmer. Im ersten Stock gibt es ein Doppelbett, ein Schlafsofa in einer durch Schiebeelemente abgetrennten Nische und ein Badezimmer mit Dusche\/WC.<\/p><p>Das Haus ist mit allem Komfort ausgestattet. In der K\u00fcche gibt es einen Geschirrsp\u00fcler und im Keller stehen eine Waschmaschine und ein Trockner zur Verf\u00fcgung.<\/p><p>Im Haus findest du ein Radio, eine kleine Bibliothek und einige Kinderspielzeuge.<\/p><p>Im Haus Stella gibt es WLAN.<\/p>\t\t\t\t\t\t\t\t<\/div>\n\t\t\t\t<div class=\"elementor-element elementor-element-92fc6da elementor-widget elementor-widget-heading\" data-id=\"92fc6da\" data-element_type=\"widget\" data-e-type=\"widget\" data-widget_type=\"heading.default\">\n\t\t\t\t\t<h2 class=\"elementor-heading-title elementor-size-default\">Preise<\/h2>\t\t\t\t<\/div>\n\t\t\t\t<div class=\"elementor-element elementor-element-baf8d30 elementor-widget elementor-widget-text-editor\" data-id=\"baf8d30\" data-element_type=\"widget\" data-e-type=\"widget\" data-widget_type=\"text-editor.default\">\n\t\t\t\t\t\t\t\t\t<p><strong>Juli\/August<\/strong><br>Fr. 500.00\/Woche, Fr. 80.00\/Nacht<\/p><p><strong>Von September bis Juni<\/strong><br>Fr. 470.00\/Woche, Fr. 70.00\/Nacht<\/p><p>+ Kosten f\u00fcr Endreinigung, Strom und Kurtaxe.<\/p><p>Im Preis inbegriffen sind Bettw\u00e4sche, Handt\u00fccher und Geschirrt\u00fccher.<\/p><p>Hunde sind willkommen. Die Kosten betragen Fr. 20.00\/Tier<\/p>\t\t\t\t\t\t\t\t<\/div>\n\t\t\t\t\t<\/div>\n\t\t\t\t<\/div>\n\t\t\t\t<\/div>\n\t\t","protected":false},"excerpt":{"rendered":"<p>Casa Stella 3-4 Personen Das Haus \u201eStella\u201c war fr\u00fcher ein kleiner Stall mitten im Weiler Stabbio. Bereits vor vielen Jahren wurde es in ein kleines, kompaktes Ferienhaus umgewandelt. Auf einer bescheidenen Fl\u00e4che, aber auf zwei Etagen, bietet es allen Komfort f\u00fcr drei Personen. Im Erdgeschoss befinden sich in einem einzigen Raum die K\u00fcche, das Wohnzimmer [&hellip;]<\/p>\n","protected":false},"author":1,"featured_media":0,"parent":0,"menu_order":0,"comment_status":"closed","ping_status":"closed","template":"","meta":{"footnotes":""},"class_list":["post-592","page","type-page","status-publish","hentry"],"yoast_head":"<!-- This site is optimized with the Yoast SEO plugin v27.4 - https:\/\/yoast.com\/product\/yoast-seo-wordpress\/ -->\n<title>Casa Stella - Agriturismo Raisc<\/title>\n<meta name=\"robots\" content=\"index, follow, max-snippet:-1, max-image-preview:large, max-video-preview:-1\" \/>\n<link rel=\"canonical\" href=\"https:\/\/agriturismoraisc.ch\/de\/casa-stella\/\" \/>\n<meta property=\"og:locale\" content=\"de_DE\" \/>\n<meta property=\"og:type\" content=\"article\" \/>\n<meta property=\"og:title\" content=\"Casa Stella - Agriturismo Raisc\" \/>\n<meta property=\"og:description\" content=\"Casa Stella 3-4 Personen Das Haus \u201eStella\u201c war fr\u00fcher ein kleiner Stall mitten im Weiler Stabbio. Bereits vor vielen Jahren wurde es in ein kleines, kompaktes Ferienhaus umgewandelt. Auf einer bescheidenen Fl\u00e4che, aber auf zwei Etagen, bietet es allen Komfort f\u00fcr drei Personen. Im Erdgeschoss befinden sich in einem einzigen Raum die K\u00fcche, das Wohnzimmer [&hellip;]\" \/>\n<meta property=\"og:url\" content=\"https:\/\/agriturismoraisc.ch\/de\/casa-stella\/\" \/>\n<meta property=\"og:site_name\" content=\"Agriturismo Raisc\" \/>\n<meta property=\"article:modified_time\" content=\"2026-03-10T17:27:00+00:00\" \/>\n<meta name=\"twitter:card\" content=\"summary_large_image\" \/>\n<meta name=\"twitter:label1\" content=\"Gesch\u00e4tzte Lesezeit\" \/>\n\t<meta name=\"twitter:data1\" content=\"1\u00a0Minute\" \/>\n<script type=\"application\/ld+json\" class=\"yoast-schema-graph\">{\"@context\":\"https:\\\/\\\/schema.org\",\"@graph\":[{\"@type\":\"WebPage\",\"@id\":\"https:\\\/\\\/agriturismoraisc.ch\\\/de\\\/casa-stella\\\/\",\"url\":\"https:\\\/\\\/agriturismoraisc.ch\\\/de\\\/casa-stella\\\/\",\"name\":\"Casa Stella - Agriturismo Raisc\",\"isPartOf\":{\"@id\":\"https:\\\/\\\/agriturismoraisc.ch\\\/de\\\/#website\"},\"datePublished\":\"2025-07-21T07:27:50+00:00\",\"dateModified\":\"2026-03-10T17:27:00+00:00\",\"breadcrumb\":{\"@id\":\"https:\\\/\\\/agriturismoraisc.ch\\\/de\\\/casa-stella\\\/#breadcrumb\"},\"inLanguage\":\"de\",\"potentialAction\":[{\"@type\":\"ReadAction\",\"target\":[\"https:\\\/\\\/agriturismoraisc.ch\\\/de\\\/casa-stella\\\/\"]}]},{\"@type\":\"BreadcrumbList\",\"@id\":\"https:\\\/\\\/agriturismoraisc.ch\\\/de\\\/casa-stella\\\/#breadcrumb\",\"itemListElement\":[{\"@type\":\"ListItem\",\"position\":1,\"name\":\"Home\",\"item\":\"https:\\\/\\\/agriturismoraisc.ch\\\/de\\\/\"},{\"@type\":\"ListItem\",\"position\":2,\"name\":\"Casa Stella\"}]},{\"@type\":\"WebSite\",\"@id\":\"https:\\\/\\\/agriturismoraisc.ch\\\/de\\\/#website\",\"url\":\"https:\\\/\\\/agriturismoraisc.ch\\\/de\\\/\",\"name\":\"Agriturismo Raisc\",\"description\":\"\",\"publisher\":{\"@id\":\"https:\\\/\\\/agriturismoraisc.ch\\\/de\\\/#organization\"},\"potentialAction\":[{\"@type\":\"SearchAction\",\"target\":{\"@type\":\"EntryPoint\",\"urlTemplate\":\"https:\\\/\\\/agriturismoraisc.ch\\\/de\\\/?s={search_term_string}\"},\"query-input\":{\"@type\":\"PropertyValueSpecification\",\"valueRequired\":true,\"valueName\":\"search_term_string\"}}],\"inLanguage\":\"de\"},{\"@type\":\"Organization\",\"@id\":\"https:\\\/\\\/agriturismoraisc.ch\\\/de\\\/#organization\",\"name\":\"Agriturismo Raisc\",\"url\":\"https:\\\/\\\/agriturismoraisc.ch\\\/de\\\/\",\"logo\":{\"@type\":\"ImageObject\",\"inLanguage\":\"de\",\"@id\":\"https:\\\/\\\/agriturismoraisc.ch\\\/de\\\/#\\\/schema\\\/logo\\\/image\\\/\",\"url\":\"https:\\\/\\\/agriturismoraisc.ch\\\/wp-content\\\/uploads\\\/2025\\\/07\\\/raisc-ultimo.jpg\",\"contentUrl\":\"https:\\\/\\\/agriturismoraisc.ch\\\/wp-content\\\/uploads\\\/2025\\\/07\\\/raisc-ultimo.jpg\",\"width\":223,\"height\":83,\"caption\":\"Agriturismo Raisc\"},\"image\":{\"@id\":\"https:\\\/\\\/agriturismoraisc.ch\\\/de\\\/#\\\/schema\\\/logo\\\/image\\\/\"}}]}<\/script>\n<!-- \/ Yoast SEO plugin. -->","yoast_head_json":{"title":"Casa Stella - Agriturismo Raisc","robots":{"index":"index","follow":"follow","max-snippet":"max-snippet:-1","max-image-preview":"max-image-preview:large","max-video-preview":"max-video-preview:-1"},"canonical":"https:\/\/agriturismoraisc.ch\/de\/casa-stella\/","og_locale":"de_DE","og_type":"article","og_title":"Casa Stella - Agriturismo Raisc","og_description":"Casa Stella 3-4 Personen Das Haus \u201eStella\u201c war fr\u00fcher ein kleiner Stall mitten im Weiler Stabbio. Bereits vor vielen Jahren wurde es in ein kleines, kompaktes Ferienhaus umgewandelt. Auf einer bescheidenen Fl\u00e4che, aber auf zwei Etagen, bietet es allen Komfort f\u00fcr drei Personen. Im Erdgeschoss befinden sich in einem einzigen Raum die K\u00fcche, das Wohnzimmer [&hellip;]","og_url":"https:\/\/agriturismoraisc.ch\/de\/casa-stella\/","og_site_name":"Agriturismo Raisc","article_modified_time":"2026-03-10T17:27:00+00:00","twitter_card":"summary_large_image","twitter_misc":{"Gesch\u00e4tzte Lesezeit":"1\u00a0Minute"},"schema":{"@context":"https:\/\/schema.org","@graph":[{"@type":"WebPage","@id":"https:\/\/agriturismoraisc.ch\/de\/casa-stella\/","url":"https:\/\/agriturismoraisc.ch\/de\/casa-stella\/","name":"Casa Stella - Agriturismo Raisc","isPartOf":{"@id":"https:\/\/agriturismoraisc.ch\/de\/#website"},"datePublished":"2025-07-21T07:27:50+00:00","dateModified":"2026-03-10T17:27:00+00:00","breadcrumb":{"@id":"https:\/\/agriturismoraisc.ch\/de\/casa-stella\/#breadcrumb"},"inLanguage":"de","potentialAction":[{"@type":"ReadAction","target":["https:\/\/agriturismoraisc.ch\/de\/casa-stella\/"]}]},{"@type":"BreadcrumbList","@id":"https:\/\/agriturismoraisc.ch\/de\/casa-stella\/#breadcrumb","itemListElement":[{"@type":"ListItem","position":1,"name":"Home","item":"https:\/\/agriturismoraisc.ch\/de\/"},{"@type":"ListItem","position":2,"name":"Casa Stella"}]},{"@type":"WebSite","@id":"https:\/\/agriturismoraisc.ch\/de\/#website","url":"https:\/\/agriturismoraisc.ch\/de\/","name":"Agriturismo Raisc","description":"","publisher":{"@id":"https:\/\/agriturismoraisc.ch\/de\/#organization"},"potentialAction":[{"@type":"SearchAction","target":{"@type":"EntryPoint","urlTemplate":"https:\/\/agriturismoraisc.ch\/de\/?s={search_term_string}"},"query-input":{"@type":"PropertyValueSpecification","valueRequired":true,"valueName":"search_term_string"}}],"inLanguage":"de"},{"@type":"Organization","@id":"https:\/\/agriturismoraisc.ch\/de\/#organization","name":"Agriturismo Raisc","url":"https:\/\/agriturismoraisc.ch\/de\/","logo":{"@type":"ImageObject","inLanguage":"de","@id":"https:\/\/agriturismoraisc.ch\/de\/#\/schema\/logo\/image\/","url":"https:\/\/agriturismoraisc.ch\/wp-content\/uploads\/2025\/07\/raisc-ultimo.jpg","contentUrl":"https:\/\/agriturismoraisc.ch\/wp-content\/uploads\/2025\/07\/raisc-ultimo.jpg","width":223,"height":83,"caption":"Agriturismo Raisc"},"image":{"@id":"https:\/\/agriturismoraisc.ch\/de\/#\/schema\/logo\/image\/"}}]}},"_links":{"self":[{"href":"https:\/\/agriturismoraisc.ch\/de\/wp-json\/wp\/v2\/pages\/592","targetHints":{"allow":["GET"]}}],"collection":[{"href":"https:\/\/agriturismoraisc.ch\/de\/wp-json\/wp\/v2\/pages"}],"about":[{"href":"https:\/\/agriturismoraisc.ch\/de\/wp-json\/wp\/v2\/types\/page"}],"author":[{"embeddable":true,"href":"https:\/\/agriturismoraisc.ch\/de\/wp-json\/wp\/v2\/users\/1"}],"replies":[{"embeddable":true,"href":"https:\/\/agriturismoraisc.ch\/de\/wp-json\/wp\/v2\/comments?post=592"}],"version-history":[{"count":6,"href":"https:\/\/agriturismoraisc.ch\/de\/wp-json\/wp\/v2\/pages\/592\/revisions"}],"predecessor-version":[{"id":826,"href":"https:\/\/agriturismoraisc.ch\/de\/wp-json\/wp\/v2\/pages\/592\/revisions\/826"}],"wp:attachment":[{"href":"https:\/\/agriturismoraisc.ch\/de\/wp-json\/wp\/v2\/media?parent=592"}],"curies":[{"name":"wp","href":"https:\/\/api.w.org\/{rel}","templated":true}]}}