{"id":580,"date":"2025-07-21T06:59:52","date_gmt":"2025-07-21T06:59:52","guid":{"rendered":"https:\/\/agriturismoraisc.ch\/haus-ruess\/"},"modified":"2026-03-31T15:45:54","modified_gmt":"2026-03-31T15:45:54","slug":"haus-ruess","status":"publish","type":"page","link":"https:\/\/agriturismoraisc.ch\/de\/haus-ruess\/","title":{"rendered":"Casa R\u00fcss"},"content":{"rendered":"\t\t<div data-elementor-type=\"wp-page\" data-elementor-id=\"580\" class=\"elementor elementor-580 elementor-321\" data-elementor-post-type=\"page\">\n\t\t\t\t<div class=\"elementor-element elementor-element-a75707a e-con-full e-flex e-con e-parent\" data-id=\"a75707a\" data-element_type=\"container\" data-e-type=\"container\" data-settings=\"{&quot;background_background&quot;:&quot;slideshow&quot;,&quot;background_slideshow_slide_duration&quot;:4000,&quot;background_slideshow_lazyload&quot;:&quot;yes&quot;,&quot;background_slideshow_ken_burns&quot;:&quot;yes&quot;,&quot;background_slideshow_gallery&quot;:[],&quot;background_slideshow_loop&quot;:&quot;yes&quot;,&quot;background_slideshow_slide_transition&quot;:&quot;fade&quot;,&quot;background_slideshow_transition_duration&quot;:500,&quot;background_slideshow_ken_burns_zoom_direction&quot;:&quot;in&quot;}\">\n\t\t<div class=\"elementor-element elementor-element-ba49e22 e-con-full e-flex e-con e-child\" data-id=\"ba49e22\" data-element_type=\"container\" data-e-type=\"container\">\n\t\t\t\t<div class=\"elementor-element elementor-element-1cc83c4 elementor-skin-slideshow elementor-arrows-yes elementor-widget elementor-widget-media-carousel\" data-id=\"1cc83c4\" data-element_type=\"widget\" data-e-type=\"widget\" data-settings=\"{&quot;skin&quot;:&quot;slideshow&quot;,&quot;centered_slides&quot;:&quot;yes&quot;,&quot;effect&quot;:&quot;slide&quot;,&quot;show_arrows&quot;:&quot;yes&quot;,&quot;speed&quot;:500,&quot;autoplay&quot;:&quot;yes&quot;,&quot;autoplay_speed&quot;:5000,&quot;loop&quot;:&quot;yes&quot;,&quot;pause_on_hover&quot;:&quot;yes&quot;,&quot;pause_on_interaction&quot;:&quot;yes&quot;,&quot;space_between&quot;:{&quot;unit&quot;:&quot;px&quot;,&quot;size&quot;:10,&quot;sizes&quot;:[]},&quot;space_between_tablet&quot;:{&quot;unit&quot;:&quot;px&quot;,&quot;size&quot;:10,&quot;sizes&quot;:[]},&quot;space_between_mobile&quot;:{&quot;unit&quot;:&quot;px&quot;,&quot;size&quot;:10,&quot;sizes&quot;:[]}}\" data-widget_type=\"media-carousel.default\">\n\t\t\t\t\t\t\t\t\t\t<div class=\"elementor-main-swiper swiper\" role=\"region\" aria-roledescription=\"carousel\" aria-label=\"Slides\">\n\t\t\t\t<div class=\"swiper-wrapper\">\n\t\t\t\t\t\t\t\t\t\t\t<div class=\"swiper-slide\" role=\"group\" aria-roledescription=\"slide\">\n\t\t\t\t\t\t\t\t\t<div class=\"elementor-carousel-image\" role=\"img\" aria-label=\"PENTAX Bild\" style=\"background-image: url(&#039;https:\/\/agriturismoraisc.ch\/wp-content\/uploads\/2025\/07\/download-5-1.jpg&#039;)\">\n\n\t\t\t\n\t\t\t\t\t<\/div>\n\t\t\t\t\t\t\t\t<\/div>\n\t\t\t\t\t\t\t\t\t\t\t<div class=\"swiper-slide\" role=\"group\" aria-roledescription=\"slide\">\n\t\t\t\t\t\t\t\t\t<div class=\"elementor-carousel-image\" role=\"img\" aria-label=\"download4\" style=\"background-image: url(&#039;https:\/\/agriturismoraisc.ch\/wp-content\/uploads\/2025\/07\/download4.jpg&#039;)\">\n\n\t\t\t\n\t\t\t\t\t<\/div>\n\t\t\t\t\t\t\t\t<\/div>\n\t\t\t\t\t\t\t\t\t\t\t<div class=\"swiper-slide\" role=\"group\" aria-roledescription=\"slide\">\n\t\t\t\t\t\t\t\t\t<div class=\"elementor-carousel-image\" role=\"img\" aria-label=\"PENTAX Bild\" style=\"background-image: url(&#039;https:\/\/agriturismoraisc.ch\/wp-content\/uploads\/2025\/07\/download-32.jpg&#039;)\">\n\n\t\t\t\n\t\t\t\t\t<\/div>\n\t\t\t\t\t\t\t\t<\/div>\n\t\t\t\t\t\t\t\t\t\t\t<div class=\"swiper-slide\" role=\"group\" aria-roledescription=\"slide\">\n\t\t\t\t\t\t\t\t\t<div class=\"elementor-carousel-image\" role=\"img\" aria-label=\"download-4\" style=\"background-image: url(&#039;https:\/\/agriturismoraisc.ch\/wp-content\/uploads\/2025\/07\/download-4.jpg&#039;)\">\n\n\t\t\t\n\t\t\t\t\t<\/div>\n\t\t\t\t\t\t\t\t<\/div>\n\t\t\t\t\t\t\t\t\t\t\t<div class=\"swiper-slide\" role=\"group\" aria-roledescription=\"slide\">\n\t\t\t\t\t\t\t\t\t<div class=\"elementor-carousel-image\" role=\"img\" aria-label=\"download-24\" style=\"background-image: url(&#039;https:\/\/agriturismoraisc.ch\/wp-content\/uploads\/2025\/07\/download-24.jpg&#039;)\">\n\n\t\t\t\n\t\t\t\t\t<\/div>\n\t\t\t\t\t\t\t\t<\/div>\n\t\t\t\t\t\t\t\t\t<\/div>\n\t\t\t\t\t\t\t\t\t\t\t\t\t\t\t<div class=\"elementor-swiper-button elementor-swiper-button-prev\" role=\"button\" tabindex=\"0\" aria-label=\"Voriger\">\n\t\t\t\t\t\t\t<svg aria-hidden=\"true\" class=\"e-font-icon-svg e-eicon-chevron-left\" viewBox=\"0 0 1000 1000\" xmlns=\"http:\/\/www.w3.org\/2000\/svg\"><path d=\"M646 125C629 125 613 133 604 142L308 442C296 454 292 471 292 487 292 504 296 521 308 533L604 854C617 867 629 875 646 875 663 875 679 871 692 858 704 846 713 829 713 812 713 796 708 779 692 767L438 487 692 225C700 217 708 204 708 187 708 171 704 154 692 142 675 129 663 125 646 125Z\"><\/path><\/svg>\t\t\t\t\t\t<\/div>\n\t\t\t\t\t\t<div class=\"elementor-swiper-button elementor-swiper-button-next\" role=\"button\" tabindex=\"0\" aria-label=\"N\u00e4chster\">\n\t\t\t\t\t\t\t<svg aria-hidden=\"true\" class=\"e-font-icon-svg e-eicon-chevron-right\" viewBox=\"0 0 1000 1000\" xmlns=\"http:\/\/www.w3.org\/2000\/svg\"><path d=\"M696 533C708 521 713 504 713 487 713 471 708 454 696 446L400 146C388 133 375 125 354 125 338 125 325 129 313 142 300 154 292 171 292 187 292 204 296 221 308 233L563 492 304 771C292 783 288 800 288 817 288 833 296 850 308 863 321 871 338 875 354 875 371 875 388 867 400 854L696 533Z\"><\/path><\/svg>\t\t\t\t\t\t<\/div>\n\t\t\t\t\t\t\t\t\t\t\t\t\t\t\t\t\t<\/div>\n\t\t\t\t\t\t\t\t\t<div class=\"elementor-main-swiper swiper elementor-thumbnails-swiper swiper\" role=\"region region\" aria-roledescription=\"carousel carousel\" aria-label=\"Slides Slides\">\n\t\t\t\t<div class=\"swiper-wrapper\">\n\t\t\t\t\t\t\t\t\t\t\t<div class=\"swiper-slide\" role=\"group\" aria-roledescription=\"slide\">\n\t\t\t\t\t\t\t\t\t<div class=\"elementor-carousel-image\" role=\"img\" aria-label=\"PENTAX Bild\" style=\"background-image: url(&#039;https:\/\/agriturismoraisc.ch\/wp-content\/uploads\/2025\/07\/download-5-1.jpg&#039;)\">\n\n\t\t\t\n\t\t\t\t\t<\/div>\n\t\t\t\t\t\t\t\t<\/div>\n\t\t\t\t\t\t\t\t\t\t\t<div class=\"swiper-slide\" role=\"group\" aria-roledescription=\"slide\">\n\t\t\t\t\t\t\t\t\t<div class=\"elementor-carousel-image\" role=\"img\" aria-label=\"download4\" style=\"background-image: url(&#039;https:\/\/agriturismoraisc.ch\/wp-content\/uploads\/2025\/07\/download4.jpg&#039;)\">\n\n\t\t\t\n\t\t\t\t\t<\/div>\n\t\t\t\t\t\t\t\t<\/div>\n\t\t\t\t\t\t\t\t\t\t\t<div class=\"swiper-slide\" role=\"group\" aria-roledescription=\"slide\">\n\t\t\t\t\t\t\t\t\t<div class=\"elementor-carousel-image\" role=\"img\" aria-label=\"PENTAX Bild\" style=\"background-image: url(&#039;https:\/\/agriturismoraisc.ch\/wp-content\/uploads\/2025\/07\/download-32.jpg&#039;)\">\n\n\t\t\t\n\t\t\t\t\t<\/div>\n\t\t\t\t\t\t\t\t<\/div>\n\t\t\t\t\t\t\t\t\t\t\t<div class=\"swiper-slide\" role=\"group\" aria-roledescription=\"slide\">\n\t\t\t\t\t\t\t\t\t<div class=\"elementor-carousel-image\" role=\"img\" aria-label=\"download-4\" style=\"background-image: url(&#039;https:\/\/agriturismoraisc.ch\/wp-content\/uploads\/2025\/07\/download-4.jpg&#039;)\">\n\n\t\t\t\n\t\t\t\t\t<\/div>\n\t\t\t\t\t\t\t\t<\/div>\n\t\t\t\t\t\t\t\t\t\t\t<div class=\"swiper-slide\" role=\"group\" aria-roledescription=\"slide\">\n\t\t\t\t\t\t\t\t\t<div class=\"elementor-carousel-image\" role=\"img\" aria-label=\"download-24\" style=\"background-image: url(&#039;https:\/\/agriturismoraisc.ch\/wp-content\/uploads\/2025\/07\/download-24.jpg&#039;)\">\n\n\t\t\t\n\t\t\t\t\t<\/div>\n\t\t\t\t\t\t\t\t<\/div>\n\t\t\t\t\t\t\t\t\t<\/div>\n\t\t\t\t\t\t\t\t\t\t\t\t\t\t\t\t\t\t\t\t\t<\/div>\n\t\t\t\t\t\t\t\t<\/div>\n\t\t\t\t<\/div>\n\t\t\t\t<\/div>\n\t\t<div class=\"elementor-element elementor-element-bec8585 e-flex e-con-boxed e-con e-parent\" data-id=\"bec8585\" data-element_type=\"container\" data-e-type=\"container\" data-settings=\"{&quot;background_background&quot;:&quot;classic&quot;}\">\n\t\t\t\t\t<div class=\"e-con-inner\">\n\t\t\t\t<div class=\"elementor-element elementor-element-6dbcf2f elementor-widget elementor-widget-heading\" data-id=\"6dbcf2f\" data-element_type=\"widget\" data-e-type=\"widget\" data-widget_type=\"heading.default\">\n\t\t\t\t\t<h2 class=\"elementor-heading-title elementor-size-default\">Casa R\u00fcss<\/h2>\t\t\t\t<\/div>\n\t\t\t\t\t<\/div>\n\t\t\t\t<\/div>\n\t\t<div class=\"elementor-element elementor-element-9a6311c e-flex e-con-boxed e-con e-parent\" data-id=\"9a6311c\" data-element_type=\"container\" data-e-type=\"container\">\n\t\t\t\t\t<div class=\"e-con-inner\">\n\t\t\t\t<div class=\"elementor-element elementor-element-635e83d elementor-icon-list--layout-traditional elementor-list-item-link-full_width elementor-widget elementor-widget-icon-list\" data-id=\"635e83d\" data-element_type=\"widget\" data-e-type=\"widget\" data-widget_type=\"icon-list.default\">\n\t\t\t\t\t\t\t<ul class=\"elementor-icon-list-items\">\n\t\t\t\t\t\t\t<li class=\"elementor-icon-list-item\">\n\t\t\t\t\t\t\t\t\t\t\t<span class=\"elementor-icon-list-icon\">\n\t\t\t\t\t\t\t<svg aria-hidden=\"true\" class=\"e-font-icon-svg e-far-user\" viewBox=\"0 0 448 512\" xmlns=\"http:\/\/www.w3.org\/2000\/svg\"><path d=\"M313.6 304c-28.7 0-42.5 16-89.6 16-47.1 0-60.8-16-89.6-16C60.2 304 0 364.2 0 438.4V464c0 26.5 21.5 48 48 48h352c26.5 0 48-21.5 48-48v-25.6c0-74.2-60.2-134.4-134.4-134.4zM400 464H48v-25.6c0-47.6 38.8-86.4 86.4-86.4 14.6 0 38.3 16 89.6 16 51.7 0 74.9-16 89.6-16 47.6 0 86.4 38.8 86.4 86.4V464zM224 288c79.5 0 144-64.5 144-144S303.5 0 224 0 80 64.5 80 144s64.5 144 144 144zm0-240c52.9 0 96 43.1 96 96s-43.1 96-96 96-96-43.1-96-96 43.1-96 96-96z\"><\/path><\/svg>\t\t\t\t\t\t<\/span>\n\t\t\t\t\t\t\t\t\t\t<span class=\"elementor-icon-list-text\">7 Personen<\/span>\n\t\t\t\t\t\t\t\t\t<\/li>\n\t\t\t\t\t\t<\/ul>\n\t\t\t\t\t\t<\/div>\n\t\t\t\t<div class=\"elementor-element elementor-element-83a112f elementor-widget elementor-widget-text-editor\" data-id=\"83a112f\" data-element_type=\"widget\" data-e-type=\"widget\" data-widget_type=\"text-editor.default\">\n\t\t\t\t\t\t\t\t\t<p>Wie das Haus vom Onkel ist auch das Haus R\u00fcss ein renoviertes altes Bauernhaus. W\u00e4hrend des Umbaus haben wir alte Materialien wiederverwendet und urspr\u00fcngliche Konzepte beibehalten, um den authentischen Charakter des Hauses zu bewahren. Das Haus R\u00fcss ist direkt an das Haus vom Onkel angebaut.<\/p><p>Der \u201efil de R\u00fcss&#8220; ist ein Berg oberhalb von Braggio.<\/p><p>Das Haus R\u00fcss steht unter Denkmalschutz.<\/p><p>Das Haus R\u00fcss befindet sich im Hauptortsteil Stabbio, ca. 200 m von der Seilbahn entfernt.<\/p><p>Das Ferienhaus ist in zwei Bereiche aufgeteilt.<\/p><p><strong>Wohnung (4 Personen)<br \/><\/strong>Der erste Stock hat den Eingang von Osten. Hier befinden sich K\u00fcche, Wohnzimmer und Dusche\/WC. Im oberen Stockwerk gibt es 2 Zimmer mit je 2 Betten. Im unteren Stock befindet sich die Waschmaschine. Eine kleine Bibliothek, Radio, Fernseher und verschiedene Gesellschaftsspiele machen auch einen Regentag unterhaltsam.<\/p><p><strong>Die Suite (3 Personen)<br \/><\/strong>Im Erdgeschoss befindet sich ein weiteres Zimmer mit 3 Betten, mit Dusche\/WC und eigenem Eingang. Die beiden Wohneinheiten sind im Inneren durch eine T\u00fcr getrennt.<\/p><p>Je nach Bedarf kann das ganze Haus oder nur ein Teil gemietet werden.<\/p><p>Im Haus R\u00fcss gibt es WLAN.<\/p>\t\t\t\t\t\t\t\t<\/div>\n\t\t\t\t<div class=\"elementor-element elementor-element-09b5d1d elementor-widget elementor-widget-heading\" data-id=\"09b5d1d\" data-element_type=\"widget\" data-e-type=\"widget\" data-widget_type=\"heading.default\">\n\t\t\t\t\t<h2 class=\"elementor-heading-title elementor-size-default\">Preise<\/h2>\t\t\t\t<\/div>\n\t\t\t\t<div class=\"elementor-element elementor-element-1254fb3 elementor-widget elementor-widget-text-editor\" data-id=\"1254fb3\" data-element_type=\"widget\" data-e-type=\"widget\" data-widget_type=\"text-editor.default\">\n\t\t\t\t\t\t\t\t\t<p><strong>GANZES HAUS<\/strong><\/p><p><strong>Juli\/August<\/strong><br \/>Fr. 800.00\/Woche, Fr. 120.00\/Nacht<\/p><p><strong>Von September bis Juni<\/strong><br \/>Fr. 700.00\/Woche, Fr. 105.00\/Nacht<\/p><p>+ Kosten f\u00fcr Endreinigung, Holz, Strom und Kurtaxe<\/p><p><strong>WOHNUNG<\/strong><\/p><p>Juli\/August<br \/>Fr. 580.00\/Woche, Fr. 90.00\/Nacht<\/p><p>Von September bis Juni<br \/>Fr. 500.00\/Woche, Fr. 80.00\/Nacht<\/p><p>+ Kosten f\u00fcr Endreinigung, Holz, Strom und Kurtaxe<\/p><p>Zusatzbett Fr. 10.00\/Nacht<\/p><p>Im Preis inbegriffen sind Bettw\u00e4sche, Handt\u00fccher und Geschirrt\u00fccher.<\/p><p>Hunde sind willkommen. Die Geb\u00fchr betr\u00e4gt Fr. 20.00\/Tier<\/p><p><strong>PREISE F\u00dcR DIE SUITE<\/strong><\/p><p>Zimmer mit 3 Betten und Dusche\/WC, Preis g\u00fcltig f\u00fcr das ganze Jahr<\/p>\t\t\t\t\t\t\t\t<\/div>\n\t\t\t\t<div class=\"elementor-element elementor-element-f4710fd elementor-widget elementor-widget-text-editor\" data-id=\"f4710fd\" data-element_type=\"widget\" data-e-type=\"widget\" data-widget_type=\"text-editor.default\">\n\t\t\t\t\t\t\t\t\t<p>Mit 2 und 3 Personen<\/p><p>Mit 1 Person<\/p><p>\u00dcBERNACHTUNG<\/p><p>Fr. 55.00\/Person<\/p><p>Fr. 75.00\/Person<\/p><p>MIT FR\u00dcHST\u00dcCK<\/p><p>Fr. 70.00\/Person<\/p><p>Fr. 90.00\/Person<\/p><p>HALBPENSION<\/p><p>Fr. 100.00\/Person<\/p><p>Fr. 120.00\/Person<\/p>\t\t\t\t\t\t\t\t<\/div>\n\t\t\t\t<div class=\"elementor-element elementor-element-3e93e95 elementor-widget elementor-widget-text-editor\" data-id=\"3e93e95\" data-element_type=\"widget\" data-e-type=\"widget\" data-widget_type=\"text-editor.default\">\n\t\t\t\t\t\t\t\t\t<p>Erm\u00e4\u00dfigung von Fr. 10.00 ab der dritten Nacht.<\/p><p>Erm\u00e4\u00dfigung f\u00fcr Kinder: Bis 6 Jahre gratis, von 6 bis 10 Jahre 50 %, von 10 bis 15 Jahre 30 %<\/p><p>Hunde sind willkommen. Die Geb\u00fchr betr\u00e4gt Fr. 20.00\/Tier<\/p>\t\t\t\t\t\t\t\t<\/div>\n\t\t\t\t\t<\/div>\n\t\t\t\t<\/div>\n\t\t\t\t<\/div>\n\t\t","protected":false},"excerpt":{"rendered":"<p>Casa R\u00fcss 7 Personen Wie das Haus vom Onkel ist auch das Haus R\u00fcss ein renoviertes altes Bauernhaus. W\u00e4hrend des Umbaus haben wir alte Materialien wiederverwendet und urspr\u00fcngliche Konzepte beibehalten, um den authentischen Charakter des Hauses zu bewahren. Das Haus R\u00fcss ist direkt an das Haus vom Onkel angebaut. Der \u201efil de R\u00fcss&#8220; ist ein [&hellip;]<\/p>\n","protected":false},"author":1,"featured_media":0,"parent":0,"menu_order":0,"comment_status":"closed","ping_status":"closed","template":"","meta":{"footnotes":""},"class_list":["post-580","page","type-page","status-publish","hentry"],"yoast_head":"<!-- This site is optimized with the Yoast SEO plugin v27.4 - https:\/\/yoast.com\/product\/yoast-seo-wordpress\/ -->\n<title>Casa R\u00fcss - Agriturismo Raisc<\/title>\n<meta name=\"robots\" content=\"index, follow, max-snippet:-1, max-image-preview:large, max-video-preview:-1\" \/>\n<link rel=\"canonical\" href=\"https:\/\/agriturismoraisc.ch\/de\/haus-ruess\/\" \/>\n<meta property=\"og:locale\" content=\"de_DE\" \/>\n<meta property=\"og:type\" content=\"article\" \/>\n<meta property=\"og:title\" content=\"Casa R\u00fcss - Agriturismo Raisc\" \/>\n<meta property=\"og:description\" content=\"Casa R\u00fcss 7 Personen Wie das Haus vom Onkel ist auch das Haus R\u00fcss ein renoviertes altes Bauernhaus. W\u00e4hrend des Umbaus haben wir alte Materialien wiederverwendet und urspr\u00fcngliche Konzepte beibehalten, um den authentischen Charakter des Hauses zu bewahren. Das Haus R\u00fcss ist direkt an das Haus vom Onkel angebaut. Der \u201efil de R\u00fcss&#8220; ist ein [&hellip;]\" \/>\n<meta property=\"og:url\" content=\"https:\/\/agriturismoraisc.ch\/de\/haus-ruess\/\" \/>\n<meta property=\"og:site_name\" content=\"Agriturismo Raisc\" \/>\n<meta property=\"article:modified_time\" content=\"2026-03-31T15:45:54+00:00\" \/>\n<meta name=\"twitter:card\" content=\"summary_large_image\" \/>\n<meta name=\"twitter:label1\" content=\"Gesch\u00e4tzte Lesezeit\" \/>\n\t<meta name=\"twitter:data1\" content=\"2\u00a0Minuten\" \/>\n<script type=\"application\/ld+json\" class=\"yoast-schema-graph\">{\"@context\":\"https:\\\/\\\/schema.org\",\"@graph\":[{\"@type\":\"WebPage\",\"@id\":\"https:\\\/\\\/agriturismoraisc.ch\\\/de\\\/haus-ruess\\\/\",\"url\":\"https:\\\/\\\/agriturismoraisc.ch\\\/de\\\/haus-ruess\\\/\",\"name\":\"Casa R\u00fcss - Agriturismo Raisc\",\"isPartOf\":{\"@id\":\"https:\\\/\\\/agriturismoraisc.ch\\\/de\\\/#website\"},\"datePublished\":\"2025-07-21T06:59:52+00:00\",\"dateModified\":\"2026-03-31T15:45:54+00:00\",\"breadcrumb\":{\"@id\":\"https:\\\/\\\/agriturismoraisc.ch\\\/de\\\/haus-ruess\\\/#breadcrumb\"},\"inLanguage\":\"de\",\"potentialAction\":[{\"@type\":\"ReadAction\",\"target\":[\"https:\\\/\\\/agriturismoraisc.ch\\\/de\\\/haus-ruess\\\/\"]}]},{\"@type\":\"BreadcrumbList\",\"@id\":\"https:\\\/\\\/agriturismoraisc.ch\\\/de\\\/haus-ruess\\\/#breadcrumb\",\"itemListElement\":[{\"@type\":\"ListItem\",\"position\":1,\"name\":\"Home\",\"item\":\"https:\\\/\\\/agriturismoraisc.ch\\\/de\\\/\"},{\"@type\":\"ListItem\",\"position\":2,\"name\":\"Casa R\u00fcss\"}]},{\"@type\":\"WebSite\",\"@id\":\"https:\\\/\\\/agriturismoraisc.ch\\\/de\\\/#website\",\"url\":\"https:\\\/\\\/agriturismoraisc.ch\\\/de\\\/\",\"name\":\"Agriturismo Raisc\",\"description\":\"\",\"publisher\":{\"@id\":\"https:\\\/\\\/agriturismoraisc.ch\\\/de\\\/#organization\"},\"potentialAction\":[{\"@type\":\"SearchAction\",\"target\":{\"@type\":\"EntryPoint\",\"urlTemplate\":\"https:\\\/\\\/agriturismoraisc.ch\\\/de\\\/?s={search_term_string}\"},\"query-input\":{\"@type\":\"PropertyValueSpecification\",\"valueRequired\":true,\"valueName\":\"search_term_string\"}}],\"inLanguage\":\"de\"},{\"@type\":\"Organization\",\"@id\":\"https:\\\/\\\/agriturismoraisc.ch\\\/de\\\/#organization\",\"name\":\"Agriturismo Raisc\",\"url\":\"https:\\\/\\\/agriturismoraisc.ch\\\/de\\\/\",\"logo\":{\"@type\":\"ImageObject\",\"inLanguage\":\"de\",\"@id\":\"https:\\\/\\\/agriturismoraisc.ch\\\/de\\\/#\\\/schema\\\/logo\\\/image\\\/\",\"url\":\"https:\\\/\\\/agriturismoraisc.ch\\\/wp-content\\\/uploads\\\/2025\\\/07\\\/raisc-ultimo.jpg\",\"contentUrl\":\"https:\\\/\\\/agriturismoraisc.ch\\\/wp-content\\\/uploads\\\/2025\\\/07\\\/raisc-ultimo.jpg\",\"width\":223,\"height\":83,\"caption\":\"Agriturismo Raisc\"},\"image\":{\"@id\":\"https:\\\/\\\/agriturismoraisc.ch\\\/de\\\/#\\\/schema\\\/logo\\\/image\\\/\"}}]}<\/script>\n<!-- \/ Yoast SEO plugin. -->","yoast_head_json":{"title":"Casa R\u00fcss - Agriturismo Raisc","robots":{"index":"index","follow":"follow","max-snippet":"max-snippet:-1","max-image-preview":"max-image-preview:large","max-video-preview":"max-video-preview:-1"},"canonical":"https:\/\/agriturismoraisc.ch\/de\/haus-ruess\/","og_locale":"de_DE","og_type":"article","og_title":"Casa R\u00fcss - Agriturismo Raisc","og_description":"Casa R\u00fcss 7 Personen Wie das Haus vom Onkel ist auch das Haus R\u00fcss ein renoviertes altes Bauernhaus. W\u00e4hrend des Umbaus haben wir alte Materialien wiederverwendet und urspr\u00fcngliche Konzepte beibehalten, um den authentischen Charakter des Hauses zu bewahren. Das Haus R\u00fcss ist direkt an das Haus vom Onkel angebaut. Der \u201efil de R\u00fcss&#8220; ist ein [&hellip;]","og_url":"https:\/\/agriturismoraisc.ch\/de\/haus-ruess\/","og_site_name":"Agriturismo Raisc","article_modified_time":"2026-03-31T15:45:54+00:00","twitter_card":"summary_large_image","twitter_misc":{"Gesch\u00e4tzte Lesezeit":"2\u00a0Minuten"},"schema":{"@context":"https:\/\/schema.org","@graph":[{"@type":"WebPage","@id":"https:\/\/agriturismoraisc.ch\/de\/haus-ruess\/","url":"https:\/\/agriturismoraisc.ch\/de\/haus-ruess\/","name":"Casa R\u00fcss - Agriturismo Raisc","isPartOf":{"@id":"https:\/\/agriturismoraisc.ch\/de\/#website"},"datePublished":"2025-07-21T06:59:52+00:00","dateModified":"2026-03-31T15:45:54+00:00","breadcrumb":{"@id":"https:\/\/agriturismoraisc.ch\/de\/haus-ruess\/#breadcrumb"},"inLanguage":"de","potentialAction":[{"@type":"ReadAction","target":["https:\/\/agriturismoraisc.ch\/de\/haus-ruess\/"]}]},{"@type":"BreadcrumbList","@id":"https:\/\/agriturismoraisc.ch\/de\/haus-ruess\/#breadcrumb","itemListElement":[{"@type":"ListItem","position":1,"name":"Home","item":"https:\/\/agriturismoraisc.ch\/de\/"},{"@type":"ListItem","position":2,"name":"Casa R\u00fcss"}]},{"@type":"WebSite","@id":"https:\/\/agriturismoraisc.ch\/de\/#website","url":"https:\/\/agriturismoraisc.ch\/de\/","name":"Agriturismo Raisc","description":"","publisher":{"@id":"https:\/\/agriturismoraisc.ch\/de\/#organization"},"potentialAction":[{"@type":"SearchAction","target":{"@type":"EntryPoint","urlTemplate":"https:\/\/agriturismoraisc.ch\/de\/?s={search_term_string}"},"query-input":{"@type":"PropertyValueSpecification","valueRequired":true,"valueName":"search_term_string"}}],"inLanguage":"de"},{"@type":"Organization","@id":"https:\/\/agriturismoraisc.ch\/de\/#organization","name":"Agriturismo Raisc","url":"https:\/\/agriturismoraisc.ch\/de\/","logo":{"@type":"ImageObject","inLanguage":"de","@id":"https:\/\/agriturismoraisc.ch\/de\/#\/schema\/logo\/image\/","url":"https:\/\/agriturismoraisc.ch\/wp-content\/uploads\/2025\/07\/raisc-ultimo.jpg","contentUrl":"https:\/\/agriturismoraisc.ch\/wp-content\/uploads\/2025\/07\/raisc-ultimo.jpg","width":223,"height":83,"caption":"Agriturismo Raisc"},"image":{"@id":"https:\/\/agriturismoraisc.ch\/de\/#\/schema\/logo\/image\/"}}]}},"_links":{"self":[{"href":"https:\/\/agriturismoraisc.ch\/de\/wp-json\/wp\/v2\/pages\/580","targetHints":{"allow":["GET"]}}],"collection":[{"href":"https:\/\/agriturismoraisc.ch\/de\/wp-json\/wp\/v2\/pages"}],"about":[{"href":"https:\/\/agriturismoraisc.ch\/de\/wp-json\/wp\/v2\/types\/page"}],"author":[{"embeddable":true,"href":"https:\/\/agriturismoraisc.ch\/de\/wp-json\/wp\/v2\/users\/1"}],"replies":[{"embeddable":true,"href":"https:\/\/agriturismoraisc.ch\/de\/wp-json\/wp\/v2\/comments?post=580"}],"version-history":[{"count":10,"href":"https:\/\/agriturismoraisc.ch\/de\/wp-json\/wp\/v2\/pages\/580\/revisions"}],"predecessor-version":[{"id":876,"href":"https:\/\/agriturismoraisc.ch\/de\/wp-json\/wp\/v2\/pages\/580\/revisions\/876"}],"wp:attachment":[{"href":"https:\/\/agriturismoraisc.ch\/de\/wp-json\/wp\/v2\/media?parent=580"}],"curies":[{"name":"wp","href":"https:\/\/api.w.org\/{rel}","templated":true}]}}